{"id":49915,"date":"2020-12-03T10:03:30","date_gmt":"2020-12-03T15:03:30","guid":{"rendered":"https:\/\/givemecashtogo.ca\/pret-sans-enquete-de-credit\/"},"modified":"2021-04-04T21:10:38","modified_gmt":"2021-04-05T01:10:38","slug":"pret-sans-enquete-de-credit","status":"publish","type":"page","link":"https:\/\/givemecashtogo.ca\/fr\/pret-sans-enquete-de-credit\/","title":{"rendered":"Pr\u00eat sans enqu\u00eate de cr\u00e9dit"},"content":{"rendered":"\n[et_pb_section fb_built=\u00a0\u00bb1&Prime; _builder_version=\u00a0\u00bb4.6.6&Prime; background_color=\u00a0\u00bb#f15f24&Prime; custom_padding=\u00a0\u00bb0px||0px||false|false\u00a0\u00bb saved_tabs=\u00a0\u00bball\u00a0\u00bb][et_pb_row _builder_version=\u00a0\u00bb3.25&Prime;][et_pb_column type=\u00a0\u00bb4_4&Prime; _builder_version=\u00a0\u00bb3.25&Prime; custom_padding=\u00a0\u00bb|||\u00a0\u00bb custom_padding__hover=\u00a0\u00bb|||\u00a0\u00bb][et_pb_text _builder_version=\u00a0\u00bb4.6.6&Prime; _module_preset=\u00a0\u00bbdefault\u00a0\u00bb header_text_color=\u00a0\u00bb#ffffff\u00a0\u00bb]<h1>Pr\u00eat sans enqu\u00eate de cr\u00e9dit<\/h1>[\/et_pb_text][\/et_pb_column][\/et_pb_row][\/et_pb_section][et_pb_section fb_built=\u00a0\u00bb1&Prime; _builder_version=\u00a0\u00bb4.6.6&Prime; background_enable_color=\u00a0\u00bboff\u00a0\u00bb use_background_color_gradient=\u00a0\u00bbon\u00a0\u00bb background_color_gradient_start=\u00a0\u00bb#303030&Prime; background_color_gradient_end=\u00a0\u00bbrgba(56,56,56,0.4)\u00a0\u00bb background_color_gradient_direction=\u00a0\u00bb90deg\u00a0\u00bb background_color_gradient_start_position=\u00a0\u00bb56%\u00a0\u00bb background_color_gradient_end_position=\u00a0\u00bb75%\u00a0\u00bb background_image=\u00a0\u00bbhttps:\/\/givemecashtogo.ca\/wp-content\/uploads\/2020\/11\/ncc1.jpg\u00a0\u00bb background_blend=\u00a0\u00bboverlay\u00a0\u00bb custom_padding=\u00a0\u00bb100px|0px|100px|0px|true|false\u00a0\u00bb][et_pb_row column_structure=\u00a0\u00bb3_5,2_5&Prime; _builder_version=\u00a0\u00bb3.25&Prime;][et_pb_column type=\u00a0\u00bb3_5&Prime; _builder_version=\u00a0\u00bb3.25&Prime; custom_padding=\u00a0\u00bb|||\u00a0\u00bb custom_padding__hover=\u00a0\u00bb|||\u00a0\u00bb][et_pb_cta title=\u00a0\u00bbAcc\u00e9dez aux fonds au moment o\u00f9 vous en avez le plus besoin\u00a0\u00bb button_url=\u00a0\u00bb#\u00a0\u00bb _builder_version=\u00a0\u00bb4.6.6&Prime; header_font=\u00a0\u00bbPoppins|700|||||||\u00a0\u00bb header_text_align=\u00a0\u00bbleft\u00a0\u00bb header_text_color=\u00a0\u00bb#ffffff\u00a0\u00bb header_font_size=\u00a0\u00bb40px\u00a0\u00bb header_line_height=\u00a0\u00bb1.2em\u00a0\u00bb body_font=\u00a0\u00bbRoboto|300|||||||\u00a0\u00bb body_text_align=\u00a0\u00bbleft\u00a0\u00bb body_text_color=\u00a0\u00bb#ffffff\u00a0\u00bb body_font_size=\u00a0\u00bb15px\u00a0\u00bb body_line_height=\u00a0\u00bb1.8em\u00a0\u00bb use_background_color=\u00a0\u00bboff\u00a0\u00bb custom_button=\u00a0\u00bbon\u00a0\u00bb button_text_size=\u00a0\u00bb14px\u00a0\u00bb button_text_color=\u00a0\u00bb#000000&Prime; button_bg_color=\u00a0\u00bb#ffffff\u00a0\u00bb button_border_width=\u00a0\u00bb11px\u00a0\u00bb button_border_color=\u00a0\u00bb#ffffff\u00a0\u00bb button_border_radius=\u00a0\u00bb0px\u00a0\u00bb button_letter_spacing=\u00a0\u00bb1px\u00a0\u00bb button_font=\u00a0\u00bbPoppins|||on|||||\u00a0\u00bb button_use_icon=\u00a0\u00bboff\u00a0\u00bb button_custom_margin=\u00a0\u00bb7px||\u00a0\u00bb custom_padding=\u00a0\u00bb41px||54px|38px|false\u00a0\u00bb header_font_size_tablet=\u00a0\u00bb\u00a0\u00bb header_font_size_phone=\u00a0\u00bb25px\u00a0\u00bb header_font_size_last_edited=\u00a0\u00bbon|desktop\u00a0\u00bb border_width_left=\u00a0\u00bb6px\u00a0\u00bb border_color_left=\u00a0\u00bb#ffffff\u00a0\u00bb button_text_color__hover_enabled=\u00a0\u00bbon\u00a0\u00bb button_text_color__hover=\u00a0\u00bb#474747&Prime; button_bg_color__hover_enabled=\u00a0\u00bbon\u00a0\u00bb button_border_color__hover_enabled=\u00a0\u00bbon\u00a0\u00bb button_border_color__hover=\u00a0\u00bb#bfbfbf\u00a0\u00bb button_bg_color__hover=\u00a0\u00bb#bfbfbf\u00a0\u00bb button_letter_spacing__hover=\u00a0\u00bb2px\u00a0\u00bb button_letter_spacing__hover_enabled=\u00a0\u00bbon\u00a0\u00bb]<p>Avez-vous \u00e9t\u00e9 surpris par la facture d&rsquo;\u00e9nergie ce mois-ci ? Votre voiture est tomb\u00e9e en panne de fa\u00e7on inattendue et vous n&rsquo;avez pas d&rsquo;argent pour la r\u00e9parer ? Avez-vous un toit d\u00e9fectueux et vous devez le r\u00e9parer d&rsquo;urgence ? Si vous vous trouvez un jour dans une situation difficile et que vous avez besoin de plus d&rsquo;argent pour couvrir des d\u00e9penses impr\u00e9vues et \u00e9viter le stress, contactez-nous et nous vous aiderons.<\/p>\r\n<p>Nos pr\u00eats sans v\u00e9rification de solvabilit\u00e9 sont con\u00e7us pour vous aider \u00e0 acc\u00e9der \u00e0 des fonds au moment o\u00f9 vous en avez le plus besoin. Prot\u00e9gez-vous contre les p\u00e9nalit\u00e9s pour retard de paiement en demandant un pr\u00eat sans v\u00e9rification de solvabilit\u00e9, \u00e0 tout moment et en tout lieu.<\/p>\r\n<p>Il vous suffit de remplir notre formulaire de demande en ligne, de soumettre les informations pour v\u00e9rification, et de nous laisser vous aider \u00e0 faire face aux situations d&rsquo;urgence le plus rapidement possible. N&rsquo;h\u00e9sitez pas \u00e0 utiliser l&rsquo;argent pour la raison que vous souhaitez.<\/p>[\/et_pb_cta][\/et_pb_column][et_pb_column type=\u00a0\u00bb2_5&Prime; _builder_version=\u00a0\u00bb3.25&Prime; custom_padding=\u00a0\u00bb|||\u00a0\u00bb custom_padding__hover=\u00a0\u00bb|||\u00a0\u00bb][\/et_pb_column][\/et_pb_row][\/et_pb_section][et_pb_section fb_built=\u00a0\u00bb1&Prime; _builder_version=\u00a0\u00bb3.22.3&Prime; custom_padding=\u00a0\u00bb80px|0px|80px|0px|true|false\u00a0\u00bb][et_pb_row column_structure=\u00a0\u00bb1_2,1_2&Prime; _builder_version=\u00a0\u00bb3.25&Prime;][et_pb_column type=\u00a0\u00bb1_2&Prime; _builder_version=\u00a0\u00bb3.25&Prime; custom_padding=\u00a0\u00bb|||\u00a0\u00bb custom_padding__hover=\u00a0\u00bb|||\u00a0\u00bb][et_pb_text _builder_version=\u00a0\u00bb4.6.6&Prime; text_font=\u00a0\u00bbRoboto|300|||||||\u00a0\u00bb text_text_color=\u00a0\u00bb#000000&Prime; text_font_size=\u00a0\u00bb15px\u00a0\u00bb text_line_height=\u00a0\u00bb1.8em\u00a0\u00bb header_font=\u00a0\u00bbNunito Sans|700|||||||\u00a0\u00bb header_text_color=\u00a0\u00bb#297FCA\u00a0\u00bb header_line_height=\u00a0\u00bb1.3em\u00a0\u00bb]<h3>Ne Permettez Pas Aux Impr\u00e9vus de Ruiner vos Finances<\/h3>[\/et_pb_text][et_pb_text _builder_version=\u00a0\u00bb4.6.6&Prime; text_font=\u00a0\u00bbRoboto|300|||||||\u00a0\u00bb text_text_color=\u00a0\u00bb#000000&Prime; text_font_size=\u00a0\u00bb15px\u00a0\u00bb text_line_height=\u00a0\u00bb1.8em\u00a0\u00bb header_font=\u00a0\u00bbNunito Sans|700|||||||\u00a0\u00bb header_text_color=\u00a0\u00bb#297FCA\u00a0\u00bb header_line_height=\u00a0\u00bb1.3em\u00a0\u00bb]<p>Il est presque impossible de se prot\u00e9ger contre toutes urgences &#8211; conduites d&rsquo;eau cass\u00e9es, probl\u00e8mes de voiture, factures m\u00e9dicales impr\u00e9vues &#8211; m\u00eame avec une discipline financi\u00e8re et un budget adapt\u00e9s. \u00c9tant donn\u00e9 que pr\u00e8s de 50 % des Canadiens vivent d&rsquo;une paie \u00e0 l&rsquo;autre, une facture inattendue peut toujours entra\u00eener de graves probl\u00e8mes financiers.<\/p>\r\n<p>Toutefois, gr\u00e2ce \u00e0 nos pr\u00eats sans v\u00e9rification de solvabilit\u00e9, vous pouvez facilement couvrir ces urgences inattendues lorsqu&rsquo;elles se produisent et vivre votre vie sans stress. Apr\u00e8s tout, une facture mensuelle de 250 $ pendant un an est beaucoup plus facile \u00e0 g\u00e9rer qu&rsquo;une facture de r\u00e9paration de 1 800 $ exigible en une seule fois.<\/p>\r\n<p>Si vous vous retrouvez un jour dans une situation difficile et que vous avez un besoin urgent d&rsquo;argent liquide, n&rsquo;h\u00e9sitez pas \u00e0 nous contacter et nous vous aiderons d\u00e8s que possible.  Nous sommes l\u00e0 pour vous aider \u00e0 vivre sans stress.<\/p>[\/et_pb_text][\/et_pb_column][et_pb_column type=\u00a0\u00bb1_2&Prime; _builder_version=\u00a0\u00bb3.25&Prime; custom_padding=\u00a0\u00bb|||\u00a0\u00bb custom_padding__hover=\u00a0\u00bb|||\u00a0\u00bb][et_pb_text _builder_version=\u00a0\u00bb4.6.6&Prime; text_font=\u00a0\u00bbRoboto|300|||||||\u00a0\u00bb text_text_color=\u00a0\u00bb#000000&Prime; text_font_size=\u00a0\u00bb15px\u00a0\u00bb text_line_height=\u00a0\u00bb1.8em\u00a0\u00bb header_font=\u00a0\u00bbNunito Sans|700|||||||\u00a0\u00bb header_text_color=\u00a0\u00bb#297FCA\u00a0\u00bb header_line_height=\u00a0\u00bb1.3em\u00a0\u00bb]<h3>Faites une demande de pr\u00eat sans v\u00e9rification de solvabilit\u00e9 d\u00e8s aujourd&rsquo;hui!<\/h3>[\/et_pb_text][et_pb_text _builder_version=\u00a0\u00bb4.6.6&Prime; text_font=\u00a0\u00bbRoboto|300|||||||\u00a0\u00bb text_text_color=\u00a0\u00bb#000000&Prime; text_font_size=\u00a0\u00bb15px\u00a0\u00bb text_line_height=\u00a0\u00bb1.8em\u00a0\u00bb header_font=\u00a0\u00bbNunito Sans|700|||||||\u00a0\u00bb header_text_color=\u00a0\u00bb#297FCA\u00a0\u00bb header_line_height=\u00a0\u00bb1.3em\u00a0\u00bb]<p>Personne n&rsquo;est \u00e0 l&rsquo;abri de probl\u00e8mes financiers, et nos pr\u00eats sans v\u00e9rification de solvabilit\u00e9 peuvent \u00eatre le meilleur moyen de rem\u00e9dier \u00e0 cette situation jusqu&rsquo;\u00e0 ce que vous gagniez un peu d&rsquo;argent. Faites une demande en ligne d\u00e8s aujourd&rsquo;hui et acc\u00e9dez aux fonds d\u00e8s le jour ouvrable suivant. Tout est simple et direct!<\/p>[\/et_pb_text][et_pb_button button_text=\u00a0\u00bbDEMANDEZ UN PR\u00caT\u00a0\u00bb _builder_version=\u00a0\u00bb4.6.6&Prime; _module_preset=\u00a0\u00bbdefault\u00a0\u00bb custom_button=\u00a0\u00bbon\u00a0\u00bb button_text_color=\u00a0\u00bb#ffffff\u00a0\u00bb button_bg_color=\u00a0\u00bb#f15f24&Prime; button_border_width=\u00a0\u00bb0px\u00a0\u00bb hover_enabled=\u00a0\u00bb0&Prime; button_url=\u00a0\u00bbhttps:\/\/givemecashtogo.ca\/fr\/demande-en-ligne\/\u00a0\u00bb sticky_enabled=\u00a0\u00bb0&Prime;][\/et_pb_button][\/et_pb_column][\/et_pb_row][\/et_pb_section][et_pb_section fb_built=\u00a0\u00bb1&Prime; _builder_version=\u00a0\u00bb3.23.3&Prime; background_color=\u00a0\u00bb#383838&Prime; custom_padding=\u00a0\u00bb80px|0px|80px|0px|true|false\u00a0\u00bb][et_pb_row _builder_version=\u00a0\u00bb3.25&Prime; custom_padding=\u00a0\u00bb|0px||0px|false|false\u00a0\u00bb][et_pb_column type=\u00a0\u00bb4_4&Prime; _builder_version=\u00a0\u00bb3.25&Prime; custom_padding=\u00a0\u00bb|||\u00a0\u00bb custom_padding__hover=\u00a0\u00bb|||\u00a0\u00bb][et_pb_text _builder_version=\u00a0\u00bb4.6.6&Prime; text_font=\u00a0\u00bbPoppins|700|||||||\u00a0\u00bb text_text_color=\u00a0\u00bb#ffffff\u00a0\u00bb text_font_size=\u00a0\u00bb30px\u00a0\u00bb text_orientation=\u00a0\u00bbcenter\u00a0\u00bb text_font_size_tablet=\u00a0\u00bb\u00a0\u00bb text_font_size_phone=\u00a0\u00bb20px\u00a0\u00bb text_font_size_last_edited=\u00a0\u00bbon|desktop\u00a0\u00bb]<p>Obtenez l&rsquo;argent dont vous avez besoin au moment opportun<\/p>[\/et_pb_text][et_pb_text _builder_version=\u00a0\u00bb4.6.6&Prime; text_font=\u00a0\u00bbRoboto|300|||||||\u00a0\u00bb text_text_color=\u00a0\u00bb#ffffff\u00a0\u00bb text_font_size=\u00a0\u00bb15px\u00a0\u00bb text_line_height=\u00a0\u00bb1.8em\u00a0\u00bb text_orientation=\u00a0\u00bbcenter\u00a0\u00bb max_width_tablet=\u00a0\u00bb80%\u00a0\u00bb max_width_phone=\u00a0\u00bb90%\u00a0\u00bb max_width_last_edited=\u00a0\u00bbon|desktop\u00a0\u00bb module_alignment=\u00a0\u00bbcenter\u00a0\u00bb custom_margin=\u00a0\u00bb-13px||\u00a0\u00bb custom_padding=\u00a0\u00bb0px||\u00a0\u00bb]<p>Nous sommes des pr\u00eateurs agr\u00e9\u00e9s et fiables, pr\u00eats \u00e0 vous aider \u00e0 tout moment. C&rsquo;est la raison principale pour laquelle nous avons simplifi\u00e9 notre formulaire de demande en ligne afin de vous faciliter la t\u00e2che. Suivez ces \u00e9tapes simples pour demander nos pr\u00eats sans v\u00e9rification de solvabilit\u00e9.<\/p>[\/et_pb_text][\/et_pb_column][\/et_pb_row][et_pb_row column_structure=\u00a0\u00bb1_3,1_3,1_3&Prime; use_custom_gutter=\u00a0\u00bbon\u00a0\u00bb gutter_width=\u00a0\u00bb2&Prime; _builder_version=\u00a0\u00bb3.25&Prime;][et_pb_column type=\u00a0\u00bb1_3&Prime; _builder_version=\u00a0\u00bb3.25&Prime; custom_padding=\u00a0\u00bb|||\u00a0\u00bb custom_padding__hover=\u00a0\u00bb|||\u00a0\u00bb][et_pb_blurb title=\u00a0\u00bbREMPLISSEZ LA DEMANDE EN LIGNE\u00a0\u00bb use_icon=\u00a0\u00bbon\u00a0\u00bb font_icon=\u00a0\u00bb%%49%%\u00a0\u00bb icon_color=\u00a0\u00bb#ffffff\u00a0\u00bb content_max_width=\u00a0\u00bb100%\u00a0\u00bb use_icon_font_size=\u00a0\u00bbon\u00a0\u00bb icon_font_size=\u00a0\u00bb51px\u00a0\u00bb _builder_version=\u00a0\u00bb4.6.6&Prime; header_font=\u00a0\u00bbPoppins|600||on|||||\u00a0\u00bb header_text_align=\u00a0\u00bbcenter\u00a0\u00bb header_text_color=\u00a0\u00bb#ffffff\u00a0\u00bb header_font_size=\u00a0\u00bb20px\u00a0\u00bb header_line_height=\u00a0\u00bb1.5em\u00a0\u00bb body_font=\u00a0\u00bbRoboto|300|||||||\u00a0\u00bb body_text_align=\u00a0\u00bbcenter\u00a0\u00bb body_text_color=\u00a0\u00bb#ffffff\u00a0\u00bb body_font_size=\u00a0\u00bb15px\u00a0\u00bb body_line_height=\u00a0\u00bb1.8em\u00a0\u00bb text_orientation=\u00a0\u00bbcenter\u00a0\u00bb animation=\u00a0\u00bboff\u00a0\u00bb]<p>Si vous avez besoin d&rsquo;argent rapidement, n&rsquo;h\u00e9sitez pas \u00e0 remplir notre formulaire de demande en ligne pour commencer. Une fois que vous avez rempli le formulaire, cliquez sur le bouton \u00ab\u00a0Soumettre\u00a0\u00bb et vous pourriez \u00eatre sur la bonne voie pour obtenir votre financement requis.<\/p>[\/et_pb_blurb][\/et_pb_column][et_pb_column type=\u00a0\u00bb1_3&Prime; _builder_version=\u00a0\u00bb3.25&Prime; custom_padding=\u00a0\u00bb|||\u00a0\u00bb custom_padding__hover=\u00a0\u00bb|||\u00a0\u00bb][et_pb_blurb title=\u00a0\u00bbOBTENEZ UNE D\u00c9CISION\u00a0\u00bb use_icon=\u00a0\u00bbon\u00a0\u00bb font_icon=\u00a0\u00bb%%49%%\u00a0\u00bb icon_color=\u00a0\u00bb#ffffff\u00a0\u00bb content_max_width=\u00a0\u00bb100%\u00a0\u00bb use_icon_font_size=\u00a0\u00bbon\u00a0\u00bb icon_font_size=\u00a0\u00bb51px\u00a0\u00bb _builder_version=\u00a0\u00bb4.6.6&Prime; header_font=\u00a0\u00bbPoppins|600||on|||||\u00a0\u00bb header_text_align=\u00a0\u00bbcenter\u00a0\u00bb header_text_color=\u00a0\u00bb#ffffff\u00a0\u00bb header_font_size=\u00a0\u00bb20px\u00a0\u00bb header_line_height=\u00a0\u00bb1.5em\u00a0\u00bb body_font=\u00a0\u00bbRoboto|300|||||||\u00a0\u00bb body_text_align=\u00a0\u00bbcenter\u00a0\u00bb body_text_color=\u00a0\u00bb#ffffff\u00a0\u00bb body_font_size=\u00a0\u00bb15px\u00a0\u00bb body_line_height=\u00a0\u00bb1.8em\u00a0\u00bb text_orientation=\u00a0\u00bbcenter\u00a0\u00bb animation=\u00a0\u00bboff\u00a0\u00bb]<p>Une fois votre demande de pr\u00eat re\u00e7ue, nous prenons quelques minutes pour l&rsquo;examiner et nous assurer que tout est en ordre. En moyenne, vous recevrez une d\u00e9cision de notre part sur votre statut d&rsquo;approbation dans les cinq minutes qui suivent ! Nous ne souhaitons pas vous faire attendre trop longtemps.<\/p>[\/et_pb_blurb][\/et_pb_column][et_pb_column type=\u00a0\u00bb1_3&Prime; _builder_version=\u00a0\u00bb3.25&Prime; custom_padding=\u00a0\u00bb|||\u00a0\u00bb custom_padding__hover=\u00a0\u00bb|||\u00a0\u00bb][et_pb_blurb title=\u00a0\u00bbOBTENEZ LES FONDS DONT VOUS AVEZ BESOIN\u00a0\u00bb use_icon=\u00a0\u00bbon\u00a0\u00bb font_icon=\u00a0\u00bb%%49%%\u00a0\u00bb icon_color=\u00a0\u00bb#ffffff\u00a0\u00bb content_max_width=\u00a0\u00bb100%\u00a0\u00bb use_icon_font_size=\u00a0\u00bbon\u00a0\u00bb icon_font_size=\u00a0\u00bb51px\u00a0\u00bb _builder_version=\u00a0\u00bb4.6.6&Prime; header_font=\u00a0\u00bbPoppins|600||on|||||\u00a0\u00bb header_text_align=\u00a0\u00bbcenter\u00a0\u00bb header_text_color=\u00a0\u00bb#ffffff\u00a0\u00bb header_font_size=\u00a0\u00bb20px\u00a0\u00bb header_line_height=\u00a0\u00bb1.5em\u00a0\u00bb body_font=\u00a0\u00bbRoboto|300|||||||\u00a0\u00bb body_text_align=\u00a0\u00bbcenter\u00a0\u00bb body_text_color=\u00a0\u00bb#ffffff\u00a0\u00bb body_font_size=\u00a0\u00bb15px\u00a0\u00bb body_line_height=\u00a0\u00bb1.8em\u00a0\u00bb text_orientation=\u00a0\u00bbcenter\u00a0\u00bb animation=\u00a0\u00bboff\u00a0\u00bb]<p>\u00c0 condition que vos coordonn\u00e9es soient exactes, votre demande de pr\u00eat sera approuv\u00e9e en un rien de temps, de sorte que vous puissiez verser les fonds sur votre compte bancaire d\u00e8s que possible. Dans la plupart des cas, vous pourrez acc\u00e9der aux fonds le jour ouvrable suivant.<\/p>[\/et_pb_blurb][\/et_pb_column][\/et_pb_row][\/et_pb_section]\n","protected":false},"excerpt":{"rendered":"<p>Pr\u00eat sans enqu\u00eate de cr\u00e9ditAvez-vous \u00e9t\u00e9 surpris par la facture d&rsquo;\u00e9nergie ce mois-ci ? Votre voiture est tomb\u00e9e en panne de fa\u00e7on inattendue et vous n&rsquo;avez pas d&rsquo;argent pour la r\u00e9parer ? Avez-vous un toit d\u00e9fectueux et vous devez le r\u00e9parer d&rsquo;urgence ? Si vous vous trouvez un jour dans une situation difficile et que [&hellip;]<\/p>\n","protected":false},"author":9,"featured_media":0,"parent":0,"menu_order":0,"comment_status":"closed","ping_status":"closed","template":"","meta":{"_et_pb_use_builder":"on","_et_pb_old_content":"","_et_gb_content_width":"","footnotes":""},"class_list":["post-49915","page","type-page","status-publish","hentry"],"_links":{"self":[{"href":"https:\/\/givemecashtogo.ca\/fr\/wp-json\/wp\/v2\/pages\/49915","targetHints":{"allow":["GET"]}}],"collection":[{"href":"https:\/\/givemecashtogo.ca\/fr\/wp-json\/wp\/v2\/pages"}],"about":[{"href":"https:\/\/givemecashtogo.ca\/fr\/wp-json\/wp\/v2\/types\/page"}],"author":[{"embeddable":true,"href":"https:\/\/givemecashtogo.ca\/fr\/wp-json\/wp\/v2\/users\/9"}],"replies":[{"embeddable":true,"href":"https:\/\/givemecashtogo.ca\/fr\/wp-json\/wp\/v2\/comments?post=49915"}],"version-history":[{"count":0,"href":"https:\/\/givemecashtogo.ca\/fr\/wp-json\/wp\/v2\/pages\/49915\/revisions"}],"wp:attachment":[{"href":"https:\/\/givemecashtogo.ca\/fr\/wp-json\/wp\/v2\/media?parent=49915"}],"curies":[{"name":"wp","href":"https:\/\/api.w.org\/{rel}","templated":true}]}}