{"id":49921,"date":"2020-12-03T10:10:48","date_gmt":"2020-12-03T15:10:48","guid":{"rendered":"https:\/\/givemecashtogo.ca\/prets-sur-salaire\/"},"modified":"2021-04-04T21:12:22","modified_gmt":"2021-04-05T01:12:22","slug":"prets-sur-salaire","status":"publish","type":"page","link":"https:\/\/givemecashtogo.ca\/fr\/prets-sur-salaire\/","title":{"rendered":"Pr\u00eats sur Salaire"},"content":{"rendered":"\n[et_pb_section fb_built=\u00a0\u00bb1&Prime; _builder_version=\u00a0\u00bb4.6.6&Prime; background_color=\u00a0\u00bb#f15f24&Prime; custom_padding=\u00a0\u00bb0px||0px||false|false\u00a0\u00bb saved_tabs=\u00a0\u00bball\u00a0\u00bb][et_pb_row _builder_version=\u00a0\u00bb3.25&Prime;][et_pb_column type=\u00a0\u00bb4_4&Prime; _builder_version=\u00a0\u00bb3.25&Prime; custom_padding=\u00a0\u00bb|||\u00a0\u00bb custom_padding__hover=\u00a0\u00bb|||\u00a0\u00bb][et_pb_text _builder_version=\u00a0\u00bb4.6.6&Prime; _module_preset=\u00a0\u00bbdefault\u00a0\u00bb header_text_color=\u00a0\u00bb#ffffff\u00a0\u00bb]<h1>Pr\u00eats sur Salaire<\/h1>[\/et_pb_text][\/et_pb_column][\/et_pb_row][\/et_pb_section][et_pb_section fb_built=\u00a0\u00bb1&Prime; _builder_version=\u00a0\u00bb4.6.6&Prime; use_background_color_gradient=\u00a0\u00bbon\u00a0\u00bb background_color_gradient_start=\u00a0\u00bbrgba(0,0,0,0.66)\u00a0\u00bb background_color_gradient_end=\u00a0\u00bbrgba(237,237,237,0)\u00a0\u00bb background_color_gradient_direction=\u00a0\u00bb90deg\u00a0\u00bb background_color_gradient_start_position=\u00a0\u00bb58%\u00a0\u00bb background_color_gradient_end_position=\u00a0\u00bb69%\u00a0\u00bb background_color_gradient_overlays_image=\u00a0\u00bbon\u00a0\u00bb background_image=\u00a0\u00bbhttps:\/\/givemecashtogo.ca\/wp-content\/uploads\/2020\/10\/logistic-410-5.jpg\u00a0\u00bb background_position=\u00a0\u00bbcenter_right\u00a0\u00bb custom_padding=\u00a0\u00bb60px|0px|60px|0px|true|false\u00a0\u00bb hover_enabled=\u00a0\u00bb0&Prime; background_last_edited=\u00a0\u00bbon|desktop\u00a0\u00bb use_background_color_gradient_tablet=\u00a0\u00bbon\u00a0\u00bb use_background_color_gradient_phone=\u00a0\u00bbon\u00a0\u00bb background_color_gradient_direction_tablet=\u00a0\u00bb90deg\u00a0\u00bb background_color_gradient_direction_phone=\u00a0\u00bb90deg\u00a0\u00bb background_color_gradient_start_position_tablet=\u00a0\u00bb88%\u00a0\u00bb background_color_gradient_start_position_phone=\u00a0\u00bb84%\u00a0\u00bb background_color_gradient_end_position_phone=\u00a0\u00bb100%\u00a0\u00bb sticky_enabled=\u00a0\u00bb0&Prime; background_color_gradient_end_position_tablet=\u00a0\u00bb100%\u00a0\u00bb background_position_phone=\u00a0\u00bbcenter\u00a0\u00bb][et_pb_row column_structure=\u00a0\u00bb1_2,1_2&Prime; _builder_version=\u00a0\u00bb3.25&Prime;][et_pb_column type=\u00a0\u00bb1_2&Prime; _builder_version=\u00a0\u00bb3.25&Prime; custom_padding=\u00a0\u00bb|||\u00a0\u00bb custom_padding__hover=\u00a0\u00bb|||\u00a0\u00bb][et_pb_text _builder_version=\u00a0\u00bb4.6.6&Prime; text_font=\u00a0\u00bbNunito Sans||||||||\u00a0\u00bb text_text_color=\u00a0\u00bb#5499D4&Prime; text_font_size=\u00a0\u00bb16px\u00a0\u00bb header_font=\u00a0\u00bbPoppins|300||on|||||\u00a0\u00bb header_text_color=\u00a0\u00bb#ffffff\u00a0\u00bb header_font_size=\u00a0\u00bb40px\u00a0\u00bb header_line_height=\u00a0\u00bb1.4em\u00a0\u00bb header_font_size_tablet=\u00a0\u00bb\u00a0\u00bb header_font_size_phone=\u00a0\u00bb25px\u00a0\u00bb header_font_size_last_edited=\u00a0\u00bbon|desktop\u00a0\u00bb]<h1>\u00caTES-VOUS COINC\u00c9 ET AVEZ-VOUS BESOIN D&rsquo;UNE AIDE FINANCI\u00c8RE URGENTE? <\/h1>[\/et_pb_text][et_pb_text _builder_version=\u00a0\u00bb4.6.6&Prime; text_font=\u00a0\u00bbRoboto|300|||||||\u00a0\u00bb text_text_color=\u00a0\u00bb#ffffff\u00a0\u00bb text_font_size=\u00a0\u00bb15px\u00a0\u00bb text_line_height=\u00a0\u00bb1.8em\u00a0\u00bb header_font=\u00a0\u00bbNunito Sans|700|||||||\u00a0\u00bb header_text_color=\u00a0\u00bb#297FCA\u00a0\u00bb custom_margin=\u00a0\u00bb-25px|||\u00a0\u00bb]<p>Nous proposons des pr\u00eats sur salaire chaque fois que vous vous trouvez \u00e0 court d&rsquo;argent entre deux payes.  Si votre demande de pr\u00eat est approuv\u00e9e, nous d\u00e9posons g\u00e9n\u00e9ralement les fonds sur votre compte bancaire le jour ouvrable suivant.<\/p>\r\n<p>Nous sommes des pr\u00eateurs sur salaire agr\u00e9\u00e9s, et notre objectif premier est de vous garantir un acc\u00e8s facile aux fonds lorsque vous en avez le plus besoin.  Que vous fassiez votre demande de pr\u00eat sur salaire en ligne ou que vous appeliez un de nos agents, nous traitons votre demande de pr\u00eat avec l&rsquo;urgence qu&rsquo;elle m\u00e9rite.<\/p>\r\n<p>Notre \u00e9quipe d&rsquo;assistance \u00e0 la client\u00e8le, enti\u00e8rement compos\u00e9e de personnel exp\u00e9riment\u00e9 et amical, est disponible 24 heures sur 24 et 7 jours sur 7 pour r\u00e9pondre \u00e0 toutes les questions que vous pourriez avoir concernant les pr\u00eats. Parlez-nous d\u00e8s aujourd&rsquo;hui et faites l&rsquo;exp\u00e9rience de la diff\u00e9rence.\u00a0<\/p>[\/et_pb_text][et_pb_button button_text=\u00a0\u00bbDEMANDEZ MAINTENANT\u00a0\u00bb button_alignment=\u00a0\u00bbleft\u00a0\u00bb _builder_version=\u00a0\u00bb4.6.6&Prime; custom_button=\u00a0\u00bbon\u00a0\u00bb button_text_size=\u00a0\u00bb14px\u00a0\u00bb button_text_color=\u00a0\u00bb#000000&Prime; button_bg_color=\u00a0\u00bb#ffffff\u00a0\u00bb button_border_width=\u00a0\u00bb1px\u00a0\u00bb button_border_color=\u00a0\u00bb#ffffff\u00a0\u00bb button_border_radius=\u00a0\u00bb0px\u00a0\u00bb button_letter_spacing=\u00a0\u00bb1px\u00a0\u00bb button_font=\u00a0\u00bbPoppins|||on|||||\u00a0\u00bb button_use_icon=\u00a0\u00bboff\u00a0\u00bb custom_margin=\u00a0\u00bb||\u00a0\u00bb custom_padding=\u00a0\u00bb17px|30px|17px|30px|true|true\u00a0\u00bb hover_enabled=\u00a0\u00bb0&Prime; button_bg_color__hover_enabled=\u00a0\u00bbon\u00a0\u00bb button_bg_color__hover=\u00a0\u00bb#bfbfbf\u00a0\u00bb button_letter_spacing__hover_enabled=\u00a0\u00bbon\u00a0\u00bb button_letter_spacing__hover=\u00a0\u00bb2px\u00a0\u00bb button_border_color__hover_enabled=\u00a0\u00bbon\u00a0\u00bb button_border_color__hover=\u00a0\u00bb#bfbfbf\u00a0\u00bb button_text_color__hover_enabled=\u00a0\u00bbon\u00a0\u00bb button_text_color__hover=\u00a0\u00bb#474747&Prime; button_url=\u00a0\u00bbhttps:\/\/givemecashtogo.ca\/fr\/demande-en-ligne\/\u00a0\u00bb sticky_enabled=\u00a0\u00bb0&Prime;][\/et_pb_button][\/et_pb_column][et_pb_column type=\u00a0\u00bb1_2&Prime; _builder_version=\u00a0\u00bb3.25&Prime; custom_padding=\u00a0\u00bb|||\u00a0\u00bb custom_padding__hover=\u00a0\u00bb|||\u00a0\u00bb][\/et_pb_column][\/et_pb_row][\/et_pb_section][et_pb_section fb_built=\u00a0\u00bb1&Prime; _builder_version=\u00a0\u00bb3.22.3&Prime; custom_padding=\u00a0\u00bb80px|0px|80px|0px|true|false\u00a0\u00bb][et_pb_row _builder_version=\u00a0\u00bb3.25&Prime;][et_pb_column type=\u00a0\u00bb4_4&Prime; _builder_version=\u00a0\u00bb3.25&Prime; custom_padding=\u00a0\u00bb|||\u00a0\u00bb custom_padding__hover=\u00a0\u00bb|||\u00a0\u00bb][et_pb_text _builder_version=\u00a0\u00bb4.6.6&Prime; text_font=\u00a0\u00bbNunito Sans||||||||\u00a0\u00bb text_text_color=\u00a0\u00bb#5499D4&Prime; text_font_size=\u00a0\u00bb16px\u00a0\u00bb header_font=\u00a0\u00bbPoppins|600|||||||\u00a0\u00bb header_text_align=\u00a0\u00bbcenter\u00a0\u00bb header_text_color=\u00a0\u00bb#000000&Prime; header_line_height=\u00a0\u00bb1.5em\u00a0\u00bb max_width=\u00a0\u00bb700px\u00a0\u00bb max_width_phone=\u00a0\u00bb98%\u00a0\u00bb max_width_last_edited=\u00a0\u00bboff|desktop\u00a0\u00bb module_alignment=\u00a0\u00bbcenter\u00a0\u00bb header_font_size_tablet=\u00a0\u00bb\u00a0\u00bb header_font_size_phone=\u00a0\u00bb25px\u00a0\u00bb header_font_size_last_edited=\u00a0\u00bbon|desktop\u00a0\u00bb]<h1>Nous Proposons des Pr\u00eats sur Salaire Rapides<\/h1>[\/et_pb_text][\/et_pb_column][\/et_pb_row][et_pb_row column_structure=\u00a0\u00bb1_2,1_2&Prime; _builder_version=\u00a0\u00bb3.25&Prime;][et_pb_column type=\u00a0\u00bb1_2&Prime; _builder_version=\u00a0\u00bb3.25&Prime; custom_padding=\u00a0\u00bb|||\u00a0\u00bb custom_padding__hover=\u00a0\u00bb|||\u00a0\u00bb][et_pb_text _builder_version=\u00a0\u00bb4.6.6&Prime; text_font=\u00a0\u00bbRoboto|300|||||||\u00a0\u00bb text_text_color=\u00a0\u00bb#000000&Prime; text_font_size=\u00a0\u00bb15px\u00a0\u00bb text_line_height=\u00a0\u00bb1.8em\u00a0\u00bb header_font=\u00a0\u00bbNunito Sans|700|||||||\u00a0\u00bb header_text_color=\u00a0\u00bb#297FCA\u00a0\u00bb header_line_height=\u00a0\u00bb1.3em\u00a0\u00bb]<p>Notre processus de demande en ligne est con\u00e7u pour vous garantir le minimum de temps possible pour demander notre pr\u00eat. Tout se d\u00e9roule en ligne pour garantir la commodit\u00e9 et la confidentialit\u00e9. Vous n&rsquo;avez pas besoin de vous d\u00e9placer inutilement dans les bouchons pour remplir les formulaires ou n\u00e9gocier avec un agent de pr\u00eat.\r\nNous ne proc\u00e9dons pas \u00e0 des v\u00e9rifications de cr\u00e9dit approfondies sur votre compte qui pourraient nuire \u00e0 votre cote de cr\u00e9dit actuelle. Nous nous int\u00e9ressons uniquement \u00e0 votre capacit\u00e9 \u00e0 rembourser le montant emprunt\u00e9 plus les int\u00e9r\u00eats courus dans le d\u00e9lai convenu. Nous ne nous fions pas \u00e0 votre cote de cr\u00e9dit actuelle pour prendre nos d\u00e9cisions, car nous pensons que tout le monde m\u00e9rite une seconde chance dans la vie.<\/p>[\/et_pb_text][\/et_pb_column][et_pb_column type=\u00a0\u00bb1_2&Prime; _builder_version=\u00a0\u00bb3.25&Prime; custom_padding=\u00a0\u00bb|||\u00a0\u00bb custom_padding__hover=\u00a0\u00bb|||\u00a0\u00bb][et_pb_text _builder_version=\u00a0\u00bb4.6.6&Prime; text_font=\u00a0\u00bbRoboto|300|||||||\u00a0\u00bb text_text_color=\u00a0\u00bb#000000&Prime; text_font_size=\u00a0\u00bb15px\u00a0\u00bb text_line_height=\u00a0\u00bb1.8em\u00a0\u00bb header_font=\u00a0\u00bbNunito Sans|700|||||||\u00a0\u00bb header_text_color=\u00a0\u00bb#297FCA\u00a0\u00bb header_line_height=\u00a0\u00bb1.3em\u00a0\u00bb]<p>Vous pouvez solliciter notre pr\u00eat sur salaire depuis votre PC ou votre smartphone. Une fois que nous recevons votre demande de pr\u00eat, nous prenons quelques minutes pour l&rsquo;examiner et vous donner une d\u00e9cision instantan\u00e9e sur l&rsquo;approbation ou le rejet de votre demande. Si votre demande de pr\u00eat est approuv\u00e9e, nous d\u00e9poserons les fonds sur votre compte bancaire d\u00e8s le jour ouvrable suivant. Dans certains cas, vous pouvez acc\u00e9der aux fonds le m\u00eame jour.  Nous vous aidons \u00e9galement \u00e0 \u00e9chapper au cercle vicieux de l&rsquo;endettement en vous offrant des conseils financiers gratuits et des cours d&rsquo;\u00e9ducation financi\u00e8re. Vous pouvez nous parler \u00e0 tout moment et apprendre des moyens prudents de g\u00e9rer vos finances de mani\u00e8re responsable.<\/p>[\/et_pb_text][\/et_pb_column][\/et_pb_row][\/et_pb_section][et_pb_section fb_built=\u00a0\u00bb1&Prime; _builder_version=\u00a0\u00bb3.23.3&Prime; background_color=\u00a0\u00bb#383838&Prime; custom_padding=\u00a0\u00bb80px|0px|80px|0px|true|false\u00a0\u00bb][et_pb_row _builder_version=\u00a0\u00bb3.25&Prime; custom_padding=\u00a0\u00bb|0px||0px|false|false\u00a0\u00bb][et_pb_column type=\u00a0\u00bb4_4&Prime; _builder_version=\u00a0\u00bb3.25&Prime; custom_padding=\u00a0\u00bb|||\u00a0\u00bb custom_padding__hover=\u00a0\u00bb|||\u00a0\u00bb][et_pb_text _builder_version=\u00a0\u00bb4.6.6&Prime; text_font=\u00a0\u00bbPoppins|700|||||||\u00a0\u00bb text_text_color=\u00a0\u00bb#ffffff\u00a0\u00bb text_font_size=\u00a0\u00bb30px\u00a0\u00bb text_orientation=\u00a0\u00bbcenter\u00a0\u00bb text_font_size_tablet=\u00a0\u00bb\u00a0\u00bb text_font_size_phone=\u00a0\u00bb20px\u00a0\u00bb text_font_size_last_edited=\u00a0\u00bbon|desktop\u00a0\u00bb]<p>Pourquoi Nous Choisir<\/p>[\/et_pb_text][et_pb_text _builder_version=\u00a0\u00bb4.6.6&Prime; text_font=\u00a0\u00bbRoboto|300|||||||\u00a0\u00bb text_text_color=\u00a0\u00bb#ffffff\u00a0\u00bb text_font_size=\u00a0\u00bb15px\u00a0\u00bb text_line_height=\u00a0\u00bb1.8em\u00a0\u00bb text_orientation=\u00a0\u00bbcenter\u00a0\u00bb max_width=\u00a0\u00bb45%\u00a0\u00bb max_width_tablet=\u00a0\u00bb80%\u00a0\u00bb max_width_phone=\u00a0\u00bb90%\u00a0\u00bb max_width_last_edited=\u00a0\u00bbon|desktop\u00a0\u00bb module_alignment=\u00a0\u00bbcenter\u00a0\u00bb custom_margin=\u00a0\u00bb-13px||\u00a0\u00bb custom_padding=\u00a0\u00bb0px||\u00a0\u00bb]<p>Nous accordons une grande importance \u00e0 nos clients et nous voulons toujours leur offrir le meilleur service possible. Nous nous effor\u00e7ons de le garantir:<\/p>[\/et_pb_text][\/et_pb_column][\/et_pb_row][et_pb_row column_structure=\u00a0\u00bb1_4,1_4,1_4,1_4&Prime; use_custom_gutter=\u00a0\u00bbon\u00a0\u00bb gutter_width=\u00a0\u00bb2&Prime; _builder_version=\u00a0\u00bb3.25&Prime;][et_pb_column type=\u00a0\u00bb1_4&Prime; _builder_version=\u00a0\u00bb3.25&Prime; custom_padding=\u00a0\u00bb|||\u00a0\u00bb custom_padding__hover=\u00a0\u00bb|||\u00a0\u00bb][et_pb_blurb title=\u00a0\u00bbCONFIDENTIALIT\u00c9\u00a0\u00bb use_icon=\u00a0\u00bbon\u00a0\u00bb font_icon=\u00a0\u00bb%%1939%%\u00a0\u00bb icon_color=\u00a0\u00bb#ffffff\u00a0\u00bb icon_placement=\u00a0\u00bbleft\u00a0\u00bb content_max_width=\u00a0\u00bb100%\u00a0\u00bb use_icon_font_size=\u00a0\u00bbon\u00a0\u00bb icon_font_size=\u00a0\u00bb30px\u00a0\u00bb _builder_version=\u00a0\u00bb4.6.6&Prime; header_font=\u00a0\u00bbPoppins|600||on|||||\u00a0\u00bb header_text_align=\u00a0\u00bbleft\u00a0\u00bb header_text_color=\u00a0\u00bb#ffffff\u00a0\u00bb header_font_size=\u00a0\u00bb20px\u00a0\u00bb header_line_height=\u00a0\u00bb1.5em\u00a0\u00bb body_font=\u00a0\u00bbRoboto|300|||||||\u00a0\u00bb body_text_align=\u00a0\u00bbleft\u00a0\u00bb body_text_color=\u00a0\u00bb#ffffff\u00a0\u00bb body_font_size=\u00a0\u00bb15px\u00a0\u00bb body_line_height=\u00a0\u00bb1.8em\u00a0\u00bb animation=\u00a0\u00bboff\u00a0\u00bb]<p>Nous sommes des pr\u00eateurs directs, et l&rsquo;une de nos principales priorit\u00e9s est de prot\u00e9ger vos informations. Nous ne c\u00e9dons en aucun cas les informations de nos clients \u00e0 des tiers<\/p>[\/et_pb_blurb][\/et_pb_column][et_pb_column type=\u00a0\u00bb1_4&Prime; _builder_version=\u00a0\u00bb3.25&Prime; custom_padding=\u00a0\u00bb|||\u00a0\u00bb custom_padding__hover=\u00a0\u00bb|||\u00a0\u00bb][et_pb_blurb title=\u00a0\u00bbAUTORISATION INT\u00c9GRALE\u00a0\u00bb use_icon=\u00a0\u00bbon\u00a0\u00bb font_icon=\u00a0\u00bb%%1539%%\u00a0\u00bb icon_color=\u00a0\u00bb#ffffff\u00a0\u00bb icon_placement=\u00a0\u00bbleft\u00a0\u00bb content_max_width=\u00a0\u00bb100%\u00a0\u00bb use_icon_font_size=\u00a0\u00bbon\u00a0\u00bb icon_font_size=\u00a0\u00bb30px\u00a0\u00bb _builder_version=\u00a0\u00bb4.6.6&Prime; header_font=\u00a0\u00bbPoppins|600||on|||||\u00a0\u00bb header_text_align=\u00a0\u00bbleft\u00a0\u00bb header_text_color=\u00a0\u00bb#ffffff\u00a0\u00bb header_font_size=\u00a0\u00bb20px\u00a0\u00bb header_line_height=\u00a0\u00bb1.5em\u00a0\u00bb body_font=\u00a0\u00bbRoboto|300|||||||\u00a0\u00bb body_text_align=\u00a0\u00bbleft\u00a0\u00bb body_text_color=\u00a0\u00bb#ffffff\u00a0\u00bb body_font_size=\u00a0\u00bb15px\u00a0\u00bb body_line_height=\u00a0\u00bb1.8em\u00a0\u00bb animation=\u00a0\u00bboff\u00a0\u00bb]<p>Nous sommes des pr\u00eateurs sur salaire pleinement agr\u00e9\u00e9s, pr\u00eats \u00e0 vous servir. Nous respectons toutes les exigences et nous nous en tenons aux taux d&rsquo;int\u00e9r\u00eat recommand\u00e9s. En fait, nous r\u00e9visons fr\u00e9quemment nos taux d&rsquo;int\u00e9r\u00eat pour mieux vous servir<\/p>[\/et_pb_blurb][\/et_pb_column][et_pb_column type=\u00a0\u00bb1_4&Prime; _builder_version=\u00a0\u00bb3.25&Prime; custom_padding=\u00a0\u00bb|||\u00a0\u00bb custom_padding__hover=\u00a0\u00bb|||\u00a0\u00bb][et_pb_blurb title=\u00a0\u00bbRAPIDE\u00a0\u00bb use_icon=\u00a0\u00bbon\u00a0\u00bb font_icon=\u00a0\u00bb%%227%%\u00a0\u00bb icon_color=\u00a0\u00bb#ffffff\u00a0\u00bb icon_placement=\u00a0\u00bbleft\u00a0\u00bb content_max_width=\u00a0\u00bb100%\u00a0\u00bb use_icon_font_size=\u00a0\u00bbon\u00a0\u00bb icon_font_size=\u00a0\u00bb30px\u00a0\u00bb _builder_version=\u00a0\u00bb4.6.6&Prime; header_font=\u00a0\u00bbPoppins|600||on|||||\u00a0\u00bb header_text_align=\u00a0\u00bbleft\u00a0\u00bb header_text_color=\u00a0\u00bb#ffffff\u00a0\u00bb header_font_size=\u00a0\u00bb20px\u00a0\u00bb header_line_height=\u00a0\u00bb1.5em\u00a0\u00bb body_font=\u00a0\u00bbRoboto|300|||||||\u00a0\u00bb body_text_align=\u00a0\u00bbleft\u00a0\u00bb body_text_color=\u00a0\u00bb#ffffff\u00a0\u00bb body_font_size=\u00a0\u00bb15px\u00a0\u00bb body_line_height=\u00a0\u00bb1.8em\u00a0\u00bb animation=\u00a0\u00bboff\u00a0\u00bb]<p>Notre \u00e9quipe d&rsquo;experts vous indiquera en quelques minutes le montant que vous pouvez emprunter et le taux d&rsquo;int\u00e9r\u00eat applicable au montant du pr\u00eat<\/p>[\/et_pb_blurb][\/et_pb_column][et_pb_column type=\u00a0\u00bb1_4&Prime; _builder_version=\u00a0\u00bb3.25&Prime; custom_padding=\u00a0\u00bb|||\u00a0\u00bb custom_padding__hover=\u00a0\u00bb|||\u00a0\u00bb][et_pb_blurb title=\u00a0\u00bbSERVICE DE QUALIT\u00c9\u00a0\u00bb use_icon=\u00a0\u00bbon\u00a0\u00bb font_icon=\u00a0\u00bb%%940%%\u00a0\u00bb icon_color=\u00a0\u00bb#ffffff\u00a0\u00bb icon_placement=\u00a0\u00bbleft\u00a0\u00bb content_max_width=\u00a0\u00bb100%\u00a0\u00bb use_icon_font_size=\u00a0\u00bbon\u00a0\u00bb icon_font_size=\u00a0\u00bb30px\u00a0\u00bb _builder_version=\u00a0\u00bb4.6.6&Prime; header_font=\u00a0\u00bbPoppins|600||on|||||\u00a0\u00bb header_text_align=\u00a0\u00bbleft\u00a0\u00bb header_text_color=\u00a0\u00bb#ffffff\u00a0\u00bb header_font_size=\u00a0\u00bb20px\u00a0\u00bb header_line_height=\u00a0\u00bb1.5em\u00a0\u00bb body_font=\u00a0\u00bbRoboto|300|||||||\u00a0\u00bb body_text_align=\u00a0\u00bbleft\u00a0\u00bb body_text_color=\u00a0\u00bb#ffffff\u00a0\u00bb body_font_size=\u00a0\u00bb15px\u00a0\u00bb body_line_height=\u00a0\u00bb1.8em\u00a0\u00bb animation=\u00a0\u00bboff\u00a0\u00bb]<p>Notre mission est de d\u00e9passer vos attentes. Contactez-nous d\u00e8s aujourd&rsquo;hui pour en savoir plus aupr\u00e8s de l&rsquo;un de nos experts en pr\u00eats<\/p>[\/et_pb_blurb][\/et_pb_column][\/et_pb_row][et_pb_row _builder_version=\u00a0\u00bb3.25&Prime; custom_padding=\u00a0\u00bb|0px||0px|false|false\u00a0\u00bb][et_pb_column type=\u00a0\u00bb4_4&Prime; _builder_version=\u00a0\u00bb3.25&Prime; custom_padding=\u00a0\u00bb|||\u00a0\u00bb custom_padding__hover=\u00a0\u00bb|||\u00a0\u00bb][et_pb_text _builder_version=\u00a0\u00bb4.6.6&Prime; text_font=\u00a0\u00bbRoboto|300|||||||\u00a0\u00bb text_text_color=\u00a0\u00bb#ffffff\u00a0\u00bb text_font_size=\u00a0\u00bb18px\u00a0\u00bb text_line_height=\u00a0\u00bb1.8em\u00a0\u00bb text_orientation=\u00a0\u00bbcenter\u00a0\u00bb max_width=\u00a0\u00bb45%\u00a0\u00bb max_width_tablet=\u00a0\u00bb80%\u00a0\u00bb max_width_phone=\u00a0\u00bb90%\u00a0\u00bb max_width_last_edited=\u00a0\u00bbon|desktop\u00a0\u00bb module_alignment=\u00a0\u00bbcenter\u00a0\u00bb custom_margin=\u00a0\u00bb-13px||\u00a0\u00bb custom_padding=\u00a0\u00bb0px||\u00a0\u00bb]<p>Faites votre demande de pr\u00eat sur salaire en ligne d\u00e8s aujourd&rsquo;hui et oubliez vos probl\u00e8mes!<\/p>[\/et_pb_text][\/et_pb_column][\/et_pb_row][\/et_pb_section]\n","protected":false},"excerpt":{"rendered":"<p>Pr\u00eats sur Salaire\u00caTES-VOUS COINC\u00c9 ET AVEZ-VOUS BESOIN D&rsquo;UNE AIDE FINANCI\u00c8RE URGENTE? Nous proposons des pr\u00eats sur salaire chaque fois que vous vous trouvez \u00e0 court d&rsquo;argent entre deux payes. Si votre demande de pr\u00eat est approuv\u00e9e, nous d\u00e9posons g\u00e9n\u00e9ralement les fonds sur votre compte bancaire le jour ouvrable suivant. Nous sommes des pr\u00eateurs sur salaire [&hellip;]<\/p>\n","protected":false},"author":9,"featured_media":0,"parent":0,"menu_order":0,"comment_status":"closed","ping_status":"closed","template":"","meta":{"_et_pb_use_builder":"on","_et_pb_old_content":"","_et_gb_content_width":"","footnotes":""},"class_list":["post-49921","page","type-page","status-publish","hentry"],"_links":{"self":[{"href":"https:\/\/givemecashtogo.ca\/fr\/wp-json\/wp\/v2\/pages\/49921","targetHints":{"allow":["GET"]}}],"collection":[{"href":"https:\/\/givemecashtogo.ca\/fr\/wp-json\/wp\/v2\/pages"}],"about":[{"href":"https:\/\/givemecashtogo.ca\/fr\/wp-json\/wp\/v2\/types\/page"}],"author":[{"embeddable":true,"href":"https:\/\/givemecashtogo.ca\/fr\/wp-json\/wp\/v2\/users\/9"}],"replies":[{"embeddable":true,"href":"https:\/\/givemecashtogo.ca\/fr\/wp-json\/wp\/v2\/comments?post=49921"}],"version-history":[{"count":0,"href":"https:\/\/givemecashtogo.ca\/fr\/wp-json\/wp\/v2\/pages\/49921\/revisions"}],"wp:attachment":[{"href":"https:\/\/givemecashtogo.ca\/fr\/wp-json\/wp\/v2\/media?parent=49921"}],"curies":[{"name":"wp","href":"https:\/\/api.w.org\/{rel}","templated":true}]}}