{"id":49934,"date":"2020-12-03T10:32:59","date_gmt":"2020-12-03T15:32:59","guid":{"rendered":"https:\/\/givemecashtogo.ca\/demande-flinks\/"},"modified":"2023-08-26T03:45:09","modified_gmt":"2023-08-26T07:45:09","slug":"demande-flinks","status":"publish","type":"page","link":"https:\/\/givemecashtogo.ca\/fr\/demande-flinks\/","title":{"rendered":"Demande flinks"},"content":{"rendered":"<p>[et_pb_section fb_built=\u00a0\u00bb1&Prime; _builder_version=\u00a0\u00bb4.6.6&Prime; background_color=\u00a0\u00bb#f15f24&Prime; custom_padding=\u00a0\u00bb0px||0px||false|false\u00a0\u00bb saved_tabs=\u00a0\u00bball\u00a0\u00bb global_colors_info=\u00a0\u00bb{}\u00a0\u00bb][et_pb_row _builder_version=\u00a0\u00bb3.25&Prime; global_colors_info=\u00a0\u00bb{}\u00a0\u00bb][et_pb_column type=\u00a0\u00bb4_4&Prime; _builder_version=\u00a0\u00bb3.25&Prime; custom_padding=\u00a0\u00bb|||\u00a0\u00bb global_colors_info=\u00a0\u00bb{}\u00a0\u00bb custom_padding__hover=\u00a0\u00bb|||\u00a0\u00bb][et_pb_text _builder_version=\u00a0\u00bb4.6.6&Prime; _module_preset=\u00a0\u00bbdefault\u00a0\u00bb header_text_color=\u00a0\u00bb#ffffff\u00a0\u00bb global_colors_info=\u00a0\u00bb{}\u00a0\u00bb]<\/p>\n<h1>Demande en ligne<\/h1>\n<p>[\/et_pb_text][\/et_pb_column][\/et_pb_row][\/et_pb_section][et_pb_section fb_built=\u00a0\u00bb1&Prime; _builder_version=\u00a0\u00bb4.6.6&Prime; _module_preset=\u00a0\u00bbdefault\u00a0\u00bb global_colors_info=\u00a0\u00bb{}\u00a0\u00bb][et_pb_row _builder_version=\u00a0\u00bb4.6.6&Prime; _module_preset=\u00a0\u00bbdefault\u00a0\u00bb global_colors_info=\u00a0\u00bb{}\u00a0\u00bb][et_pb_column type=\u00a0\u00bb4_4&Prime; _builder_version=\u00a0\u00bb4.6.6&Prime; _module_preset=\u00a0\u00bbdefault\u00a0\u00bb global_colors_info=\u00a0\u00bb{}\u00a0\u00bb][et_pb_text _builder_version=\u00a0\u00bb4.9.11&Prime; _module_preset=\u00a0\u00bbdefault\u00a0\u00bb hover_enabled=\u00a0\u00bb0&Prime; global_colors_info=\u00a0\u00bb{}\u00a0\u00bb sticky_enabled=\u00a0\u00bb0&Prime;]<\/p>\n<div style=\"text-align:center;\">\n<h2>O\u00f9 devons-nous d\u00e9poser votre argent?<\/h2>\n<h5>Obtenez l&rsquo;approbation la plus rapide, au montant le plus haut possible en vous connectant \u00e0 votre banque<\/h5>\n<\/div>\n<div id=\"flinksconnect\">\n<\/div>\n<p><script>\nfunction getUrlParameter(name) {\n    name = name.replace(\/[\\[]\/, '\\[').replace(\/[\\]]\/, '\\]');\n    var regex = new RegExp('[\\?&]' + name + '=([^&#]*)');\n    var results = regex.exec(location.search);\n    return results === null ? '' : decodeURIComponent(results[1].replace(\/\\+\/g, ' '));\n}\nvar redirectpageurl = \"https:\/\/givemecashtogo.ca\/fr\/demande-merci?flprocess=Y&leadid=\"+getUrlParameter('leadid');\nvar flinksredirecturl = encodeURIComponent(redirectpageurl);\nvar iframe = document.createElement('iframe');\niframe.width = \"100%\";\niframe.height = \"570\";\niframe.src = \"https:\/\/givemecashtogo-iframe.private.fin.ag\/v2\/?redirectUrl=\"+flinksredirecturl+\"&theme=light&desktopLayout=true&features=TransactionHistory,AccountNumberandAccountInfo&backgroundColor=ffffff&institutionFilterEnable=true&headerEnable=false&language=fr&accountSelectorEnable=true&tag=\"+getUrlParameter('tag');\ndocument.getElementById('flinksconnect').appendChild(iframe);\n<\/script>[\/et_pb_text][\/et_pb_column][\/et_pb_row][\/et_pb_section]<\/p>\n","protected":false},"excerpt":{"rendered":"<p>Demande en ligne O\u00f9 devons-nous d\u00e9poser votre argent? Obtenez l&rsquo;approbation la plus rapide, au montant le plus haut possible en vous connectant \u00e0 votre banque<\/p>\n","protected":false},"author":9,"featured_media":0,"parent":0,"menu_order":0,"comment_status":"closed","ping_status":"closed","template":"","meta":{"_et_pb_use_builder":"on","_et_pb_old_content":"","_et_gb_content_width":"","footnotes":""},"class_list":["post-49934","page","type-page","status-publish","hentry"],"_links":{"self":[{"href":"https:\/\/givemecashtogo.ca\/fr\/wp-json\/wp\/v2\/pages\/49934","targetHints":{"allow":["GET"]}}],"collection":[{"href":"https:\/\/givemecashtogo.ca\/fr\/wp-json\/wp\/v2\/pages"}],"about":[{"href":"https:\/\/givemecashtogo.ca\/fr\/wp-json\/wp\/v2\/types\/page"}],"author":[{"embeddable":true,"href":"https:\/\/givemecashtogo.ca\/fr\/wp-json\/wp\/v2\/users\/9"}],"replies":[{"embeddable":true,"href":"https:\/\/givemecashtogo.ca\/fr\/wp-json\/wp\/v2\/comments?post=49934"}],"version-history":[{"count":0,"href":"https:\/\/givemecashtogo.ca\/fr\/wp-json\/wp\/v2\/pages\/49934\/revisions"}],"wp:attachment":[{"href":"https:\/\/givemecashtogo.ca\/fr\/wp-json\/wp\/v2\/media?parent=49934"}],"curies":[{"name":"wp","href":"https:\/\/api.w.org\/{rel}","templated":true}]}}