{"id":49947,"date":"2020-12-03T10:43:01","date_gmt":"2020-12-03T15:43:01","guid":{"rendered":"https:\/\/givemecashtogo.ca\/termes-de-service\/"},"modified":"2023-08-26T03:47:03","modified_gmt":"2023-08-26T07:47:03","slug":"termes-de-service","status":"publish","type":"page","link":"https:\/\/givemecashtogo.ca\/fr\/termes-de-service\/","title":{"rendered":"Termes de service"},"content":{"rendered":"<p>[et_pb_section fb_built=\u00a0\u00bb1&Prime; _builder_version=\u00a0\u00bb4.6.6&Prime; background_color=\u00a0\u00bb#f15f24&Prime; custom_padding=\u00a0\u00bb0px||0px||false|false\u00a0\u00bb saved_tabs=\u00a0\u00bball\u00a0\u00bb global_colors_info=\u00a0\u00bb{}\u00a0\u00bb][et_pb_row _builder_version=\u00a0\u00bb3.25&Prime; global_colors_info=\u00a0\u00bb{}\u00a0\u00bb][et_pb_column type=\u00a0\u00bb4_4&Prime; _builder_version=\u00a0\u00bb3.25&Prime; custom_padding=\u00a0\u00bb|||\u00a0\u00bb global_colors_info=\u00a0\u00bb{}\u00a0\u00bb custom_padding__hover=\u00a0\u00bb|||\u00a0\u00bb][et_pb_text _builder_version=\u00a0\u00bb4.6.6&Prime; _module_preset=\u00a0\u00bbdefault\u00a0\u00bb header_text_color=\u00a0\u00bb#ffffff\u00a0\u00bb global_colors_info=\u00a0\u00bb{}\u00a0\u00bb]<\/p>\n<h1>Conditions d&rsquo;Utilisation<\/h1>\n<p>[\/et_pb_text][\/et_pb_column][\/et_pb_row][\/et_pb_section][et_pb_section fb_built=\u00a0\u00bb1&Prime; _builder_version=\u00a0\u00bb4.6.6&Prime; _module_preset=\u00a0\u00bbdefault\u00a0\u00bb global_colors_info=\u00a0\u00bb{}\u00a0\u00bb][et_pb_row _builder_version=\u00a0\u00bb4.6.6&Prime; _module_preset=\u00a0\u00bbdefault\u00a0\u00bb global_colors_info=\u00a0\u00bb{}\u00a0\u00bb][et_pb_column type=\u00a0\u00bb4_4&Prime; _builder_version=\u00a0\u00bb4.6.6&Prime; _module_preset=\u00a0\u00bbdefault\u00a0\u00bb global_colors_info=\u00a0\u00bb{}\u00a0\u00bb][et_pb_text _builder_version=\u00a0\u00bb4.9.11&Prime; _module_preset=\u00a0\u00bbdefault\u00a0\u00bb hover_enabled=\u00a0\u00bb0&Prime; global_colors_info=\u00a0\u00bb{}\u00a0\u00bb sticky_enabled=\u00a0\u00bb0&Prime;]<\/p>\n<div class=\"et_pb_module et_pb_text et_pb_text_0  et_pb_text_align_left et_pb_bg_layout_light\">\n<div class=\"et_pb_text_inner\">\n<div class=\"et_pb_module et_pb_text et_pb_text_0  et_pb_text_align_left et_pb_bg_layout_light\">\n<div class=\"et_pb_text_inner\">\n<div class=\"et_pb_column et_pb_column_4_4 et_pb_column_1  et_pb_css_mix_blend_mode_passthrough et-last-child\">\n<div class=\"et_pb_module et_pb_text et_pb_text_1  et_pb_text_align_left et_pb_bg_layout_light\">\n<div class=\"et_pb_text_inner\">\n<div class=\"et_pb_module et_pb_text et_pb_text_0  et_pb_text_align_left et_pb_bg_layout_light\">\n<div class=\"et_pb_text_inner\">\n<p>Avis : Toute transaction effectu\u00e9e sur ce site est r\u00e9put\u00e9e avoir eu lieu \u00e0 nos bureaux, quel que soit l&rsquo;endroit d&rsquo;o\u00f9 le site a \u00e9t\u00e9 consult\u00e9.<\/p>\n<p>Avertissement : Une micro-pr\u00eat est une solution financi\u00e8re \u00e0 court terme \u00e0 un probl\u00e8me \u00e0 court terme. Le premier pr\u00eat doit \u00eatre enti\u00e8rement rembours\u00e9 avant qu&rsquo;un nouveau pr\u00eat puisse \u00eatre accord\u00e9.<\/p>\n<p>Modalit\u00e9s et conditions : Dans le pr\u00e9sent accord (\u00ab\u00a0Contrat\u00a0\u00bb), les mots \u00ab\u00a0vous ou votre\u00a0\u00bb d\u00e9signent le client identifi\u00e9 en face. Les mots \u00ab\u00a0Nous\u00a0\u00bb, \u00ab\u00a0Notre\u00a0\u00bb d\u00e9signent givemecashtogo.ca.<\/p>\n<p><strong>Acceptation <\/strong>&#8211; Comme indiqu\u00e9 dans le pr\u00e9sent accord, vous acceptez les conditions d&rsquo;utilisation d\u00e9crites dans le pr\u00e9sent accord en nous autorisant \u00e0 d\u00e9biter votre compte bancaire lorsque votre pr\u00eat arrive \u00e0 \u00e9ch\u00e9ance. Le pr\u00e9sent accord constitue une confirmation de notre accord, y compris les conditions, qui vous ont \u00e9t\u00e9 communiqu\u00e9es par \u00e9crit par notre bureau, sur notre site web accessible \u00e0 l&rsquo;adresse www.givemecashtogo.ca et verbalement par l&rsquo;un de nos op\u00e9rateurs avant la r\u00e9alisation de la transaction.<\/p>\n<p><strong>Pr\u00e9sentation Num\u00e9rique des Fonds<\/strong>\u00a0\u2013 \u00a0Vous acceptez la pr\u00e9sentation \u00e9lectronique par nos soins de tous les fonds dus et la repr\u00e9sentation de toutes les pr\u00e9sentations qui nous sont retourn\u00e9es pour quelque raison que ce soit. Cette repr\u00e9sentation \u00e9lectronique peut \u00eatre inf\u00e9rieure au montant initial qui nous est d\u00fb ou par tranches totalisant le montant d\u00fb, y compris les frais maximums autoris\u00e9s pour fonds insuffisants que nous facturons.<\/p>\n<p><strong>Recours Collectif<\/strong> \u2013 Vous acceptez, dans les limites autoris\u00e9es par la loi, de ne pas intenter, rejoindre ou participer \u00e0 un recours collectif ou \u00e0 une action multi-plaignants concernant toute r\u00e9clamation, tout litige ou toute controverse que vous pourriez avoir \u00e0 l&rsquo;encontre de givemecashtogo.ca. Vous acceptez l&rsquo;inscription d&rsquo;une mesure injonctive pour mettre fin \u00e0 une telle poursuite ou pour vous retirer en tant que participant \u00e0 la poursuite. Le pr\u00e9sent accord ne constitue pas une renonciation \u00e0 vos droits et recours de poursuivre une r\u00e9clamation individuellement, comme indiqu\u00e9 dans le pr\u00e9sent document.<\/p>\n<p><strong>Documentation<\/strong>\u00a0\u2013 Vous acceptez que les e-mails, les formulaires \u00e9lectroniques, les dossiers, les photocopies et\/ou les t\u00e9l\u00e9copies des documents que vous soumettez soient valables et ex\u00e9cutoires comme l&rsquo;original. En outre, vous acceptez que le fait de donner votre consentement verbal en personne ou par t\u00e9l\u00e9phone, de saisir votre nom comme signature \u00e9lectronique, ou de toute autre mani\u00e8re ou m\u00e9thode d&rsquo;acceptation telle que d\u00e9crite dans le pr\u00e9sent document constitue une acceptation de toutes les conditions g\u00e9n\u00e9rales de l&rsquo;accord, pour lesquelles il sera consid\u00e9r\u00e9 comme valide et contraignant pour toutes les parties \u00e0 cet accord.<\/p>\n<p><strong>Signature \u00e9lectronique \/ Consentement verbal<\/strong> \u2013 En acceptant cette demande, vous comprenez et acceptez toutes les conditions du pr\u00e9sent accord et en soumettant la demande en ligne par Internet ou par t\u00e9l\u00e9phone, vous demandez une avance de fonds et certifiez que les informations que vous fournissez sont vraies et correctes sous peine de parjure. Vous reconnaissez qu&rsquo;en soumettant votre signature \u00e9lectronique ou votre consentement verbal par t\u00e9l\u00e9phone, vous n&rsquo;\u00eates pas actuellement impliqu\u00e9 dans une faillite ou n&rsquo;envisagez pas d&rsquo;en faire une \u00e0 l&rsquo;avenir. Vous nous autorisez \u00e0 v\u00e9rifier les informations contenues dans la pr\u00e9sente demande et, par la pr\u00e9sente, vous donnez \u00e0 givemecashtogo.ca le consentement d&rsquo;obtenir des informations vous concernant aupr\u00e8s d&rsquo;une agence de renseignements sur les consommateurs ou par tout autre moyen disponible. Vous comprenez que givemecashtogo.ca, se r\u00e9serve le droit de refuser un demandeur \u00e0 tout moment, avec un motif d\u00e9termin\u00e9 par le jugement du risque, apr\u00e8s l&rsquo;ach\u00e8vement de la diligence raisonnable du demandeur. Afin de traiter cette demande, vous comprenez que la v\u00e9rification des renseignements que vous avez fournis est n\u00e9cessaire, y compris, mais sans s&rsquo;y limiter, la v\u00e9rification de l&#8217;emploi et du compte bancaire. Vous acceptez la responsabilit\u00e9 personnelle de prot\u00e9ger tout code PIN ou num\u00e9ro de client qui pourrait vous \u00eatre attribu\u00e9.<\/div>\n<\/div>\n<\/div>\n<\/div>\n<\/div>\n<\/div>\n<\/div>\n<\/div>\n<\/div>\n<p>[\/et_pb_text][\/et_pb_column][\/et_pb_row][\/et_pb_section]<\/p>\n","protected":false},"excerpt":{"rendered":"<p>Conditions d&rsquo;Utilisation Avis : Toute transaction effectu\u00e9e sur ce site est r\u00e9put\u00e9e avoir eu lieu \u00e0 nos bureaux, quel que soit l&rsquo;endroit d&rsquo;o\u00f9 le site a \u00e9t\u00e9 consult\u00e9. Avertissement : Une micro-pr\u00eat est une solution financi\u00e8re \u00e0 court terme \u00e0 un probl\u00e8me \u00e0 court terme. Le premier pr\u00eat doit \u00eatre enti\u00e8rement rembours\u00e9 avant qu&rsquo;un nouveau [&hellip;]<\/p>\n","protected":false},"author":9,"featured_media":0,"parent":0,"menu_order":0,"comment_status":"closed","ping_status":"closed","template":"","meta":{"_et_pb_use_builder":"on","_et_pb_old_content":"","_et_gb_content_width":"","footnotes":""},"class_list":["post-49947","page","type-page","status-publish","hentry"],"_links":{"self":[{"href":"https:\/\/givemecashtogo.ca\/fr\/wp-json\/wp\/v2\/pages\/49947","targetHints":{"allow":["GET"]}}],"collection":[{"href":"https:\/\/givemecashtogo.ca\/fr\/wp-json\/wp\/v2\/pages"}],"about":[{"href":"https:\/\/givemecashtogo.ca\/fr\/wp-json\/wp\/v2\/types\/page"}],"author":[{"embeddable":true,"href":"https:\/\/givemecashtogo.ca\/fr\/wp-json\/wp\/v2\/users\/9"}],"replies":[{"embeddable":true,"href":"https:\/\/givemecashtogo.ca\/fr\/wp-json\/wp\/v2\/comments?post=49947"}],"version-history":[{"count":0,"href":"https:\/\/givemecashtogo.ca\/fr\/wp-json\/wp\/v2\/pages\/49947\/revisions"}],"wp:attachment":[{"href":"https:\/\/givemecashtogo.ca\/fr\/wp-json\/wp\/v2\/media?parent=49947"}],"curies":[{"name":"wp","href":"https:\/\/api.w.org\/{rel}","templated":true}]}}