{"id":50021,"date":"2021-03-04T04:48:11","date_gmt":"2021-03-04T09:48:11","guid":{"rendered":"https:\/\/givemecashtogo.ca\/?page_id=50021"},"modified":"2021-03-04T04:48:15","modified_gmt":"2021-03-04T09:48:15","slug":"avance-de-fonds","status":"publish","type":"page","link":"https:\/\/givemecashtogo.ca\/fr\/avance-de-fonds\/","title":{"rendered":"Avance de fonds"},"content":{"rendered":"\n[et_pb_section fb_built=\u00a0\u00bb1&Prime; _builder_version=\u00a0\u00bb4.6.6&Prime; background_color=\u00a0\u00bb#f15f24&Prime; custom_padding=\u00a0\u00bb0px||0px||false|false\u00a0\u00bb saved_tabs=\u00a0\u00bball\u00a0\u00bb][et_pb_row _builder_version=\u00a0\u00bb3.25&Prime;][et_pb_column type=\u00a0\u00bb4_4&Prime; _builder_version=\u00a0\u00bb3.25&Prime; custom_padding=\u00a0\u00bb|||\u00a0\u00bb custom_padding__hover=\u00a0\u00bb|||\u00a0\u00bb][et_pb_text _builder_version=\u00a0\u00bb4.7.7&Prime; _module_preset=\u00a0\u00bbdefault\u00a0\u00bb header_text_color=\u00a0\u00bb#ffffff\u00a0\u00bb]<h1>Avance de fonds <\/h1>[\/et_pb_text][\/et_pb_column][\/et_pb_row][\/et_pb_section][et_pb_section fb_built=\u00a0\u00bb1&Prime; _builder_version=\u00a0\u00bb4.7.7&Prime; background_enable_color=\u00a0\u00bboff\u00a0\u00bb use_background_color_gradient=\u00a0\u00bbon\u00a0\u00bb background_color_gradient_start=\u00a0\u00bb#303030&Prime; background_color_gradient_end=\u00a0\u00bbrgba(56,56,56,0.4)\u00a0\u00bb background_color_gradient_direction=\u00a0\u00bb90deg\u00a0\u00bb background_color_gradient_start_position=\u00a0\u00bb56%\u00a0\u00bb background_color_gradient_end_position=\u00a0\u00bb75%\u00a0\u00bb background_image=\u00a0\u00bbhttps:\/\/givemecashtogo.ca\/wp-content\/uploads\/2021\/03\/avance-de-fonds.jpg\u00a0\u00bb background_blend=\u00a0\u00bboverlay\u00a0\u00bb custom_padding=\u00a0\u00bb100px|0px|100px|0px|true|false\u00a0\u00bb hover_enabled=\u00a0\u00bb0&Prime; alt=\u00a0\u00bbAvance de fonds\u00a0\u00bb title_text=\u00a0\u00bbavance-de-fonds\u00a0\u00bb sticky_enabled=\u00a0\u00bb0&Prime;][et_pb_row column_structure=\u00a0\u00bb3_5,2_5&Prime; _builder_version=\u00a0\u00bb3.25&Prime;][et_pb_column type=\u00a0\u00bb3_5&Prime; _builder_version=\u00a0\u00bb3.25&Prime; custom_padding=\u00a0\u00bb|||\u00a0\u00bb custom_padding__hover=\u00a0\u00bb|||\u00a0\u00bb][et_pb_cta button_url=\u00a0\u00bb#\u00a0\u00bb _builder_version=\u00a0\u00bb4.7.7&Prime; header_font=\u00a0\u00bbPoppins|700|||||||\u00a0\u00bb header_text_align=\u00a0\u00bbleft\u00a0\u00bb header_text_color=\u00a0\u00bb#ffffff\u00a0\u00bb header_font_size=\u00a0\u00bb40px\u00a0\u00bb header_line_height=\u00a0\u00bb1.2em\u00a0\u00bb body_font=\u00a0\u00bbRoboto|300|||||||\u00a0\u00bb body_text_align=\u00a0\u00bbleft\u00a0\u00bb body_text_color=\u00a0\u00bb#ffffff\u00a0\u00bb body_font_size=\u00a0\u00bb15px\u00a0\u00bb body_line_height=\u00a0\u00bb1.8em\u00a0\u00bb use_background_color=\u00a0\u00bboff\u00a0\u00bb custom_button=\u00a0\u00bbon\u00a0\u00bb button_text_size=\u00a0\u00bb14px\u00a0\u00bb button_text_color=\u00a0\u00bb#000000&Prime; button_bg_color=\u00a0\u00bb#ffffff\u00a0\u00bb button_border_width=\u00a0\u00bb11px\u00a0\u00bb button_border_color=\u00a0\u00bb#ffffff\u00a0\u00bb button_border_radius=\u00a0\u00bb0px\u00a0\u00bb button_letter_spacing=\u00a0\u00bb1px\u00a0\u00bb button_font=\u00a0\u00bbPoppins|||on|||||\u00a0\u00bb button_use_icon=\u00a0\u00bboff\u00a0\u00bb button_custom_margin=\u00a0\u00bb7px||\u00a0\u00bb custom_padding=\u00a0\u00bb41px||54px|38px|false\u00a0\u00bb header_font_size_tablet=\u00a0\u00bb\u00a0\u00bb header_font_size_phone=\u00a0\u00bb25px\u00a0\u00bb header_font_size_last_edited=\u00a0\u00bbon|desktop\u00a0\u00bb border_width_left=\u00a0\u00bb6px\u00a0\u00bb border_color_left=\u00a0\u00bb#ffffff\u00a0\u00bb button_text_color__hover_enabled=\u00a0\u00bbon\u00a0\u00bb button_text_color__hover=\u00a0\u00bb#474747&Prime; button_bg_color__hover_enabled=\u00a0\u00bbon\u00a0\u00bb button_border_color__hover_enabled=\u00a0\u00bbon\u00a0\u00bb button_border_color__hover=\u00a0\u00bb#bfbfbf\u00a0\u00bb button_bg_color__hover=\u00a0\u00bb#bfbfbf\u00a0\u00bb button_letter_spacing__hover=\u00a0\u00bb2px\u00a0\u00bb button_letter_spacing__hover_enabled=\u00a0\u00bbon\u00a0\u00bb]<h2>Qu&rsquo;est ce qu&rsquo;une avance de fonds ?<\/h2>\n<p>&nbsp;<\/p>\n<p>Vous manquez d\u2019argent et vous en avez besoin le plus rapidement possible pour des d\u00e9penses \u00e0 court terme? Vous pouvez demander une avance de fonds d\u00e8s maintenant.<\/p>\n<p>Contrairement aux institutions financi\u00e8res qui prennent deux semaines avant de vous autoriser un pr\u00eat, nos pr\u00eateurs priv\u00e9s peuvent vous donner votre argent dans un d\u00e9lai de 24 heures.<\/p>\n<p>Une avance de fonds est un type de pr\u00eat \u00e0 court terme que vous pouvez faire directement sur votre carte de cr\u00e9dit. Un des principaux avantages de faire affaire avec nous pour une avance de fonds est la rapidit\u00e9 du service. Lorsque vous aurez compl\u00e9t\u00e9 votre demande, vous recevrez votre argent la journ\u00e9e m\u00eame.<\/p>\n<p>La demande de pr\u00eat se fait \u00e9galement sans v\u00e9rification de cr\u00e9dit. Nous nous basons sur d\u2019autres crit\u00e8res que la cote de cr\u00e9dit pour autoriser un pr\u00eat. Par cons\u00e9quent, il y a tr\u00e8s peu de documents \u00e0 remettre, ce qui vous fait \u00e9conomiser du temps.<\/p>[\/et_pb_cta][\/et_pb_column][et_pb_column type=\u00a0\u00bb2_5&Prime; _builder_version=\u00a0\u00bb3.25&Prime; custom_padding=\u00a0\u00bb|||\u00a0\u00bb custom_padding__hover=\u00a0\u00bb|||\u00a0\u00bb][\/et_pb_column][\/et_pb_row][\/et_pb_section][et_pb_section fb_built=\u00a0\u00bb1&Prime; _builder_version=\u00a0\u00bb3.22.3&Prime; custom_padding=\u00a0\u00bb80px|0px|80px|0px|true|false\u00a0\u00bb][et_pb_row column_structure=\u00a0\u00bb1_2,1_2&Prime; _builder_version=\u00a0\u00bb4.7.7&Prime;][et_pb_column type=\u00a0\u00bb1_2&Prime; _builder_version=\u00a0\u00bb3.25&Prime; custom_padding=\u00a0\u00bb|||\u00a0\u00bb custom_padding__hover=\u00a0\u00bb|||\u00a0\u00bb][et_pb_text _builder_version=\u00a0\u00bb4.7.7&Prime; text_font=\u00a0\u00bbRoboto|300|||||||\u00a0\u00bb text_text_color=\u00a0\u00bb#000000&Prime; text_font_size=\u00a0\u00bb15px\u00a0\u00bb text_line_height=\u00a0\u00bb1.8em\u00a0\u00bb header_font=\u00a0\u00bbNunito Sans|700|||||||\u00a0\u00bb header_text_color=\u00a0\u00bb#297FCA\u00a0\u00bb header_line_height=\u00a0\u00bb1.3em\u00a0\u00bb]<h2><strong>Quels sont les crit\u00e8res pour faire sa demande de pr\u00eat?<\/strong><\/h2>\n<p>Pour obtenir une avance de fonds, vous devez travailler \u00e0 temps plein et r\u00e9sider \u00e0 la m\u00eame adresse depuis au moins 6 mois. Vous ne devez pas \u00eatre en situation de faillite et ne pas avoir de saisie de salaire. Vous devez \u00e9galement \u00eatre en mesure de nous fournir un compte-ch\u00e8ques des 3 derniers mois.<\/p>[\/et_pb_text][et_pb_text _builder_version=\u00a0\u00bb4.7.7&Prime; _module_preset=\u00a0\u00bbdefault\u00a0\u00bb]<h2><strong>Comment rembourser une avance de fonds?<\/strong><\/h2>\n<p>Le remboursement se fait avec un taux d\u2019int\u00e9r\u00eat de 15%. Vous devez rembourser votre pr\u00eat dans un d\u00e9lai maximal de 2 ans. Lors de votre premi\u00e8re paie qui suit votre demande de pr\u00eat, vous pouvez choisir de ne rembourser que les int\u00e9r\u00eats ou de rembourser \u00e9galement une partie du capital pour le diminuer. Finalement, la derni\u00e8re option est de rembourser la totalit\u00e9 du capital avec les int\u00e9r\u00eats.<\/p>[\/et_pb_text][\/et_pb_column][et_pb_column type=\u00a0\u00bb1_2&Prime; _builder_version=\u00a0\u00bb3.25&Prime; custom_padding=\u00a0\u00bb|||\u00a0\u00bb custom_padding__hover=\u00a0\u00bb|||\u00a0\u00bb][et_pb_text _builder_version=\u00a0\u00bb4.7.7&Prime; text_font=\u00a0\u00bbRoboto|300|||||||\u00a0\u00bb text_text_color=\u00a0\u00bb#000000&Prime; text_font_size=\u00a0\u00bb15px\u00a0\u00bb text_line_height=\u00a0\u00bb1.8em\u00a0\u00bb header_font=\u00a0\u00bbNunito Sans|700|||||||\u00a0\u00bb header_text_color=\u00a0\u00bb#297FCA\u00a0\u00bb header_line_height=\u00a0\u00bb1.3em\u00a0\u00bb]<h2><strong>Comment demander une avance de fonds?<\/strong><\/h2>\n<p>Pour faire votre demande, il suffit de prendre quelques minutes de votre temps pour remplir notre formulaire en ligne. Vous devez \u00e9galement nous faire parvenir les documents suivants pour d\u00e9montrer que vous correspondez \u00e0 nos crit\u00e8res :<\/p>\n<ul>\n<li>Deux pi\u00e8ces d\u2019identit\u00e9 avec photos;<\/li>\n<li>Une preuve de votre num\u00e9ro d\u2019assurance sociale;<\/li>\n<li>Vos deux derniers talons de paie;<\/li>\n<li>Un sp\u00e9cimen de ch\u00e8que;<\/li>\n<li>Les 90 derniers jours de votre relev\u00e9 bancaire.<\/li>\n<\/ul>\n<p>Lorsque vous aurez termin\u00e9 de compl\u00e9ter votre demande, vous recevrez votre argent en moins de 24 heures. Nous acceptons des pr\u00eats pour des montants qui varient entre 300 et 3000$.<\/p>[\/et_pb_text][\/et_pb_column][\/et_pb_row][\/et_pb_section][et_pb_section fb_built=\u00a0\u00bb1&Prime; _builder_version=\u00a0\u00bb3.23.3&Prime; background_color=\u00a0\u00bb#383838&Prime; custom_padding=\u00a0\u00bb80px|0px|80px|0px|true|false\u00a0\u00bb][et_pb_row _builder_version=\u00a0\u00bb3.25&Prime; custom_padding=\u00a0\u00bb|0px||0px|false|false\u00a0\u00bb][et_pb_column type=\u00a0\u00bb4_4&Prime; _builder_version=\u00a0\u00bb3.25&Prime; custom_padding=\u00a0\u00bb|||\u00a0\u00bb custom_padding__hover=\u00a0\u00bb|||\u00a0\u00bb][et_pb_text _builder_version=\u00a0\u00bb4.7.7&Prime; text_font=\u00a0\u00bbPoppins|700|||||||\u00a0\u00bb text_text_color=\u00a0\u00bb#ffffff\u00a0\u00bb text_font_size=\u00a0\u00bb30px\u00a0\u00bb text_orientation=\u00a0\u00bbcenter\u00a0\u00bb text_font_size_tablet=\u00a0\u00bb\u00a0\u00bb text_font_size_phone=\u00a0\u00bb20px\u00a0\u00bb text_font_size_last_edited=\u00a0\u00bbon|desktop\u00a0\u00bb]\u00c0 propos de Give Me Cash To Go [\/et_pb_text][et_pb_text _builder_version=\u00a0\u00bb4.7.7&Prime; text_font=\u00a0\u00bbRoboto|300|||||||\u00a0\u00bb text_text_color=\u00a0\u00bb#ffffff\u00a0\u00bb text_font_size=\u00a0\u00bb15px\u00a0\u00bb text_line_height=\u00a0\u00bb1.8em\u00a0\u00bb text_orientation=\u00a0\u00bbcenter\u00a0\u00bb max_width_tablet=\u00a0\u00bb80%\u00a0\u00bb max_width_phone=\u00a0\u00bb90%\u00a0\u00bb max_width_last_edited=\u00a0\u00bbon|desktop\u00a0\u00bb module_alignment=\u00a0\u00bbcenter\u00a0\u00bb custom_margin=\u00a0\u00bb-13px||\u00a0\u00bb custom_padding=\u00a0\u00bb0px||\u00a0\u00bb]<p>Depuis plus de 12 ans, Give Me Cash To Go aide les gens dans le besoin en leur offrant des pr\u00eats rapidement et efficacement au moment o\u00f9 ils en ont le plus besoin. Que ce soit pour un <a href=\"https:\/\/givemecashtogo.ca\/fr\/prets-sur-salaire\/\" style=\"color: #ffffff;\" target=\"_blank\" rel=\"noopener noreferrer\">pr\u00eat sur salaire<\/a>, un <a href=\"https:\/\/givemecashtogo.ca\/fr\/pret-sans-enquete-de-credit\/\" style=\"color: #ffffff;\" target=\"_blank\" rel=\"noopener noreferrer\">pr\u00eat sans enqu\u00eate de cr\u00e9dit<\/a> ou une avance de fonds, nous trouverons la solution qui convient \u00e0 vos besoins financiers.<\/p>\n<p>Si vous avez besoin d&rsquo;une avance de fonds, discutez avec nous d\u00e8s aujourd\u2019hui. Nous serons \u00e0 votre \u00e9coute et nous r\u00e9pondrons avec plaisir \u00e0 toutes vos questions.<\/p>[\/et_pb_text][et_pb_button button_url=\u00a0\u00bbhttps:\/\/givemecashtogo.ca\/fr\/demande-en-ligne\/\u00a0\u00bb button_text=\u00a0\u00bbDEMANDEZ UN PR\u00caT\u00a0\u00bb button_alignment=\u00a0\u00bbcenter\u00a0\u00bb _builder_version=\u00a0\u00bb4.7.7&Prime; _module_preset=\u00a0\u00bbdefault\u00a0\u00bb custom_button=\u00a0\u00bbon\u00a0\u00bb button_text_color=\u00a0\u00bb#ffffff\u00a0\u00bb button_bg_color=\u00a0\u00bb#f15f24&Prime; button_border_width=\u00a0\u00bb0px\u00a0\u00bb][\/et_pb_button][\/et_pb_column][\/et_pb_row][\/et_pb_section]\n","protected":false},"excerpt":{"rendered":"<p>Avance de fonds Qu&rsquo;est ce qu&rsquo;une avance de fonds ? &nbsp; Vous manquez d\u2019argent et vous en avez besoin le plus rapidement possible pour des d\u00e9penses \u00e0 court terme? Vous pouvez demander une avance de fonds d\u00e8s maintenant. Contrairement aux institutions financi\u00e8res qui prennent deux semaines avant de vous autoriser un pr\u00eat, nos pr\u00eateurs priv\u00e9s [&hellip;]<\/p>\n","protected":false},"author":9,"featured_media":0,"parent":0,"menu_order":0,"comment_status":"closed","ping_status":"closed","template":"","meta":{"_et_pb_use_builder":"on","_et_pb_old_content":"","_et_gb_content_width":"","footnotes":""},"class_list":["post-50021","page","type-page","status-publish","hentry"],"_links":{"self":[{"href":"https:\/\/givemecashtogo.ca\/fr\/wp-json\/wp\/v2\/pages\/50021","targetHints":{"allow":["GET"]}}],"collection":[{"href":"https:\/\/givemecashtogo.ca\/fr\/wp-json\/wp\/v2\/pages"}],"about":[{"href":"https:\/\/givemecashtogo.ca\/fr\/wp-json\/wp\/v2\/types\/page"}],"author":[{"embeddable":true,"href":"https:\/\/givemecashtogo.ca\/fr\/wp-json\/wp\/v2\/users\/9"}],"replies":[{"embeddable":true,"href":"https:\/\/givemecashtogo.ca\/fr\/wp-json\/wp\/v2\/comments?post=50021"}],"version-history":[{"count":0,"href":"https:\/\/givemecashtogo.ca\/fr\/wp-json\/wp\/v2\/pages\/50021\/revisions"}],"wp:attachment":[{"href":"https:\/\/givemecashtogo.ca\/fr\/wp-json\/wp\/v2\/media?parent=50021"}],"curies":[{"name":"wp","href":"https:\/\/api.w.org\/{rel}","templated":true}]}}