{"id":50094,"date":"2021-03-22T08:44:44","date_gmt":"2021-03-22T12:44:44","guid":{"rendered":"https:\/\/givemecashtogo.ca\/?page_id=50094"},"modified":"2021-03-22T10:28:29","modified_gmt":"2021-03-22T14:28:29","slug":"consolidation-de-dettes-en-ligne","status":"publish","type":"page","link":"https:\/\/givemecashtogo.ca\/fr\/consolidation-de-dettes-en-ligne\/","title":{"rendered":"Consolidation de dettes en ligne"},"content":{"rendered":"<p>[et_pb_section fb_built=\u00a0\u00bb1&Prime; _builder_version=\u00a0\u00bb4.6.6&Prime; background_color=\u00a0\u00bb#f15f24&Prime; custom_padding=\u00a0\u00bb0px||0px||false|false\u00a0\u00bb saved_tabs=\u00a0\u00bball\u00a0\u00bb][et_pb_row _builder_version=\u00a0\u00bb3.25&Prime;][et_pb_column type=\u00a0\u00bb4_4&Prime; _builder_version=\u00a0\u00bb3.25&Prime; custom_padding=\u00a0\u00bb|||\u00a0\u00bb custom_padding__hover=\u00a0\u00bb|||\u00a0\u00bb][et_pb_text _builder_version=\u00a0\u00bb4.9.1&Prime; _module_preset=\u00a0\u00bbdefault\u00a0\u00bb header_text_color=\u00a0\u00bb#ffffff\u00a0\u00bb]<\/p>\n<h1>Consolidation de dettes en ligne<\/h1>\n<p>[\/et_pb_text][\/et_pb_column][\/et_pb_row][\/et_pb_section][et_pb_section fb_built=\u00a0\u00bb1&Prime; _builder_version=\u00a0\u00bb4.9.1&Prime; background_enable_color=\u00a0\u00bboff\u00a0\u00bb use_background_color_gradient=\u00a0\u00bbon\u00a0\u00bb background_color_gradient_start=\u00a0\u00bb#303030&Prime; background_color_gradient_end=\u00a0\u00bbrgba(56,56,56,0.4)\u00a0\u00bb background_color_gradient_direction=\u00a0\u00bb90deg\u00a0\u00bb background_color_gradient_start_position=\u00a0\u00bb56%\u00a0\u00bb background_color_gradient_end_position=\u00a0\u00bb75%\u00a0\u00bb background_image=\u00a0\u00bbhttps:\/\/givemecashtogo.ca\/wp-content\/uploads\/2021\/03\/consolidation-de-dettes-en-ligne-1.jpg\u00a0\u00bb background_blend=\u00a0\u00bboverlay\u00a0\u00bb custom_padding=\u00a0\u00bb100px|0px|100px|0px|true|false\u00a0\u00bb][et_pb_row _builder_version=\u00a0\u00bb4.9.1&Prime; column_structure=\u00a0\u00bb1_2,1_2&Prime;][et_pb_column type=\u00a0\u00bb1_2&Prime; _builder_version=\u00a0\u00bb3.25&Prime; custom_padding=\u00a0\u00bb|||\u00a0\u00bb custom_padding__hover=\u00a0\u00bb|||\u00a0\u00bb][et_pb_cta button_url=\u00a0\u00bb#\u00a0\u00bb _builder_version=\u00a0\u00bb4.9.1&Prime; header_font=\u00a0\u00bbPoppins|700|||||||\u00a0\u00bb header_text_align=\u00a0\u00bbleft\u00a0\u00bb header_text_color=\u00a0\u00bb#ffffff\u00a0\u00bb header_font_size=\u00a0\u00bb40px\u00a0\u00bb header_line_height=\u00a0\u00bb1.2em\u00a0\u00bb body_font=\u00a0\u00bbRoboto|300|||||||\u00a0\u00bb body_text_align=\u00a0\u00bbleft\u00a0\u00bb body_text_color=\u00a0\u00bb#ffffff\u00a0\u00bb body_font_size=\u00a0\u00bb15px\u00a0\u00bb body_line_height=\u00a0\u00bb1.8em\u00a0\u00bb use_background_color=\u00a0\u00bboff\u00a0\u00bb custom_button=\u00a0\u00bbon\u00a0\u00bb button_text_size=\u00a0\u00bb14px\u00a0\u00bb button_text_color=\u00a0\u00bb#000000&Prime; button_bg_color=\u00a0\u00bb#ffffff\u00a0\u00bb button_border_width=\u00a0\u00bb11px\u00a0\u00bb button_border_color=\u00a0\u00bb#ffffff\u00a0\u00bb button_border_radius=\u00a0\u00bb0px\u00a0\u00bb button_letter_spacing=\u00a0\u00bb1px\u00a0\u00bb button_font=\u00a0\u00bbPoppins|||on|||||\u00a0\u00bb button_use_icon=\u00a0\u00bboff\u00a0\u00bb button_custom_margin=\u00a0\u00bb7px||\u00a0\u00bb custom_padding=\u00a0\u00bb41px||54px|38px|false\u00a0\u00bb hover_enabled=\u00a0\u00bb0&Prime; header_font_size_tablet=\u00a0\u00bb\u00a0\u00bb header_font_size_phone=\u00a0\u00bb25px\u00a0\u00bb header_font_size_last_edited=\u00a0\u00bbon|desktop\u00a0\u00bb border_width_left=\u00a0\u00bb6px\u00a0\u00bb border_color_left=\u00a0\u00bb#ffffff\u00a0\u00bb button_text_color__hover_enabled=\u00a0\u00bbon\u00a0\u00bb button_text_color__hover=\u00a0\u00bb#474747&Prime; button_bg_color__hover_enabled=\u00a0\u00bbon\u00a0\u00bb button_border_color__hover_enabled=\u00a0\u00bbon\u00a0\u00bb button_border_color__hover=\u00a0\u00bb#bfbfbf\u00a0\u00bb button_bg_color__hover=\u00a0\u00bb#bfbfbf\u00a0\u00bb button_letter_spacing__hover=\u00a0\u00bb2px\u00a0\u00bb button_letter_spacing__hover_enabled=\u00a0\u00bbon\u00a0\u00bb sticky_enabled=\u00a0\u00bb0&Prime;]Avant de consid\u00e9rer une d\u00e9claration de faillite, sachez que vous pouvez remplir une demande de consolidation de dettes en ligne. Givemecashtogo offre untel service afin d\u2019aider sa client\u00e8le \u00e0 <strong>r\u00e9tablir leur r\u00e9putation et leur cr\u00e9dit plus rapidemen<\/strong>t.<\/p>\n<p>Bien que la faillite efface vos dettes et met fin au harc\u00e8lement des cr\u00e9anciers, elle n\u2019est pas sans cons\u00e9quence. Pour commencer, elle laisse une tache dans votre <a href=\"https:\/\/www.canada.ca\/fr\/agence-consommation-matiere-financiere\/services\/dossier-pointage-credit\/dossier-cote-credit-base.html\" target=\"_blank\" rel=\"noopener\"><strong><span style=\"color: #ffffff;\"><span style=\"text-decoration: underline;\">dossier de cr\u00e9dit<\/span><\/span><\/strong><\/a> qui reste <strong>pendant 7 ans <\/strong>pour la premi\u00e8re faillite, et 14 ann\u00e9es pour la seconde. Cela veut dire que vos solutions d\u2019emprunts seront limit\u00e9es \u00e0 des <span style=\"text-decoration: underline;\"><a href=\"https:\/\/givemecashtogo.ca\/fr\/pret-sans-enquete-de-credit\/\" target=\"_blank\" rel=\"noopener\"><strong><span style=\"color: #ffffff; text-decoration: underline;\">pr\u00eats sans enqu\u00eate de cr\u00e9dit<\/span><\/strong><\/a><\/span> ou <a href=\"https:\/\/givemecashtogo.ca\/fr\/pret-avec-mauvais-credit\/\" target=\"_blank\" rel=\"noopener\"><strong><span style=\"color: #ffffff;\"><span style=\"text-decoration: underline;\">mauvais cr\u00e9dit<\/span><\/span><\/strong><\/a> pendant de nombreuses ann\u00e9es.<\/p>\n<p>Nous offrons bien s\u00fbr ce type d\u2019emprunt, mais nous offrons \u00e9galement la consolidation de dettes pour mauvais cr\u00e9dit afin de vous aider \u00e0 reprendre le contr\u00f4le de vos finances.<\/p>\n<p>Givemecashtogo poss\u00e8de un large r\u00e9seau de pr\u00eateurs fiables qui sont pr\u00eats \u00e0 vous offrir un <strong>soutien personnalis\u00e9<\/strong> et enti\u00e8rement r\u00e9alisable en ligne. Nous vous invitons maintenant \u00e0 d\u00e9couvrir tous les avantages de notre service de consolidation de dettes en ligne.<br \/>\n[\/et_pb_cta][\/et_pb_column][et_pb_column type=\u00a0\u00bb1_2&Prime; _builder_version=\u00a0\u00bb3.25&Prime; custom_padding=\u00a0\u00bb|||\u00a0\u00bb custom_padding__hover=\u00a0\u00bb|||\u00a0\u00bb][\/et_pb_column][\/et_pb_row][\/et_pb_section][et_pb_section fb_built=\u00a0\u00bb1&Prime; _builder_version=\u00a0\u00bb3.22.3&Prime; custom_padding=\u00a0\u00bb80px|0px|80px|0px|true|false\u00a0\u00bb][et_pb_row column_structure=\u00a0\u00bb1_2,1_2&Prime; _builder_version=\u00a0\u00bb3.25&Prime;][et_pb_column type=\u00a0\u00bb1_2&Prime; _builder_version=\u00a0\u00bb3.25&Prime; custom_padding=\u00a0\u00bb|||\u00a0\u00bb custom_padding__hover=\u00a0\u00bb|||\u00a0\u00bb][et_pb_text _builder_version=\u00a0\u00bb4.6.6&Prime; text_font=\u00a0\u00bbRoboto|300|||||||\u00a0\u00bb text_text_color=\u00a0\u00bb#000000&Prime; text_font_size=\u00a0\u00bb15px\u00a0\u00bb text_line_height=\u00a0\u00bb1.8em\u00a0\u00bb header_font=\u00a0\u00bbNunito Sans|700|||||||\u00a0\u00bb header_text_color=\u00a0\u00bb#297FCA\u00a0\u00bb header_line_height=\u00a0\u00bb1.3em\u00a0\u00bb]<\/p>\n<h3>Qu\u2019est-ce qu\u2019une consolidation de dettes en ligne\u2009?<\/h3>\n<p>[\/et_pb_text][et_pb_text _builder_version=\u00a0\u00bb4.9.1&Prime; text_font=\u00a0\u00bbRoboto|300|||||||\u00a0\u00bb text_text_color=\u00a0\u00bb#000000&Prime; text_font_size=\u00a0\u00bb15px\u00a0\u00bb text_line_height=\u00a0\u00bb1.8em\u00a0\u00bb header_font=\u00a0\u00bbNunito Sans|700|||||||\u00a0\u00bb header_text_color=\u00a0\u00bb#297FCA\u00a0\u00bb header_line_height=\u00a0\u00bb1.3em\u00a0\u00bb hover_enabled=\u00a0\u00bb0&Prime; sticky_enabled=\u00a0\u00bb0&Prime;]Consolider vos dettes, \u00e7a veut dire les regrouper sous une seule dette. Au lieu de devoir g\u00e9rer plusieurs cr\u00e9anciers \u00e0 la fois, vous n\u2019avez donc qu\u2019une seule entit\u00e9 \u00e0 rembourser. La consolidation de dettes en ligne poss\u00e8de plusieurs avantages, tels que\u00a0:<\/p>\n<ul>\n<li>Regrouper vos paiements en un seul paiement mensuel\u2009;<\/li>\n<li>Rembourser la totalit\u00e9 de vos dettes \u00e0 un rythme qui convient \u00e0 votre budget\u2009;<\/li>\n<li>La possibilit\u00e9 d\u2019avoir acc\u00e8s \u00e0 un taux d\u2019int\u00e9r\u00eat r\u00e9duit\u2009;<\/li>\n<\/ul>\n<p><strong>Attention\u2009!<\/strong> Bien que cette solution soit extr\u00eamement avantageuse pour \u00e9viter une tache \u00e0 votre dossier de cr\u00e9dit, elle n\u2019est offerte qu\u2019\u00e0 ceux qui sont en mesure de rembourser l\u2019int\u00e9gralit\u00e9 de leurs dettes. N\u2019h\u00e9sitez pas \u00e0 faire une demande et nos conseillers vous r\u00e9pondront aussi rapidement que possible.<\/p>\n<h3>Pourquoi faire une demande en ligne\u2009?<\/h3>\n<p>En faisant une demande en ligne, vous <strong>acc\u00e9l\u00e9rez le processus <\/strong>et pourrez mettre le point final au harc\u00e8lement de vos cr\u00e9anciers. Lorsque vous faites affaire avec un syndic ou une banque, traiter votre dossier peut prendre jusqu\u2019\u00e0 14 jours. Avec givemecashtogo, vous pourriez avoir une r\u00e9ponse beaucoup plus rapidement, parfois m\u00eame la journ\u00e9e m\u00eame de votre demande\u2009!<\/p>\n<p>Nos pr\u00eateurs vous offrent un service de consolidation de dettes en ligne <strong>personnalis\u00e9, fiable et rapide<\/strong> afin que vous puissiez retrouver une tranquillit\u00e9 d\u2019esprit le plus rapidement possible. Nous comprenons \u00e0 quel point il peut \u00eatre difficile de g\u00e9rer une situation financi\u00e8re en chute libre \u2014 c\u2019est pourquoi nous travaillons avec vous pour trouver une solution adapt\u00e9e \u00e0 vos besoins.<\/p>\n<p>N\u2019h\u00e9sitez pas \u00e0 entrer en contact avec nous pour d\u00e9couvrir si vous \u00eates \u00e9ligible \u00e0 notre service de consolidation de dettes mauvais cr\u00e9dit.[\/et_pb_text][\/et_pb_column][et_pb_column type=\u00a0\u00bb1_2&Prime; _builder_version=\u00a0\u00bb3.25&Prime; custom_padding=\u00a0\u00bb|||\u00a0\u00bb custom_padding__hover=\u00a0\u00bb|||\u00a0\u00bb][et_pb_text _builder_version=\u00a0\u00bb4.6.6&Prime; text_font=\u00a0\u00bbRoboto|300|||||||\u00a0\u00bb text_text_color=\u00a0\u00bb#000000&Prime; text_font_size=\u00a0\u00bb15px\u00a0\u00bb text_line_height=\u00a0\u00bb1.8em\u00a0\u00bb header_font=\u00a0\u00bbNunito Sans|700|||||||\u00a0\u00bb header_text_color=\u00a0\u00bb#297FCA\u00a0\u00bb header_line_height=\u00a0\u00bb1.3em\u00a0\u00bb]<\/p>\n<h3>Pourquoi faire affaire avec Givemecashtogo pour une consolidation de dettes\u2009?<\/h3>\n<p>[\/et_pb_text][et_pb_text _builder_version=\u00a0\u00bb4.9.1&Prime; text_font=\u00a0\u00bbRoboto|300|||||||\u00a0\u00bb text_text_color=\u00a0\u00bb#000000&Prime; text_font_size=\u00a0\u00bb15px\u00a0\u00bb text_line_height=\u00a0\u00bb1.8em\u00a0\u00bb header_font=\u00a0\u00bbNunito Sans|700|||||||\u00a0\u00bb header_text_color=\u00a0\u00bb#297FCA\u00a0\u00bb header_line_height=\u00a0\u00bb1.3em\u00a0\u00bb hover_enabled=\u00a0\u00bb0&Prime; sticky_enabled=\u00a0\u00bb0&Prime;]Voici les crit\u00e8res \u00e0 suivre pour \u00eatre \u00e9ligible \u00e0 notre service\u00a0:<\/p>\n<ul>\n<li>\u00catre \u00e2g\u00e9 d\u2019au moins 18 ans<\/li>\n<li>\u00catre de nationalit\u00e9 canadienne et r\u00e9sider au Canada<\/li>\n<li>Avoir une preuve d\u2019adresse<\/li>\n<li>Avoir un num\u00e9ro de t\u00e9l\u00e9phone et e-mail valides<\/li>\n<li>Poss\u00e9der un compte bancaire Canadien acceptant les d\u00e9p\u00f4ts \u00e9lectroniques<\/li>\n<li>Avoir une preuve d\u2019une source de revenus stable<\/li>\n<\/ul>\n<p>Pour toutes questions concernant notre service de consolidation de dettes en ligne, contactez-nous. Nous prendrons votre appel et r\u00e9pondrons \u00e0 toutes vos questions avec grand plaisir.[\/et_pb_text][et_pb_button button_url=\u00a0\u00bbhttps:\/\/givemecashtogo.ca\/fr\/demande-en-ligne\/\u00a0\u00bb button_text=\u00a0\u00bbDEMANDEZ UN PR\u00caT\u00a0\u00bb _builder_version=\u00a0\u00bb4.6.6&Prime; _module_preset=\u00a0\u00bbdefault\u00a0\u00bb custom_button=\u00a0\u00bbon\u00a0\u00bb button_text_color=\u00a0\u00bb#ffffff\u00a0\u00bb button_bg_color=\u00a0\u00bb#f15f24&Prime; button_border_width=\u00a0\u00bb0px\u00a0\u00bb][\/et_pb_button][\/et_pb_column][\/et_pb_row][\/et_pb_section][et_pb_section fb_built=\u00a0\u00bb1&Prime; _builder_version=\u00a0\u00bb3.23.3&Prime; background_color=\u00a0\u00bb#383838&Prime; custom_padding=\u00a0\u00bb80px|0px|80px|0px|true|false\u00a0\u00bb][et_pb_row _builder_version=\u00a0\u00bb3.25&Prime; custom_padding=\u00a0\u00bb|0px||0px|false|false\u00a0\u00bb][et_pb_column type=\u00a0\u00bb4_4&Prime; _builder_version=\u00a0\u00bb3.25&Prime; custom_padding=\u00a0\u00bb|||\u00a0\u00bb custom_padding__hover=\u00a0\u00bb|||\u00a0\u00bb][et_pb_text _builder_version=\u00a0\u00bb4.6.6&Prime; text_font=\u00a0\u00bbPoppins|700|||||||\u00a0\u00bb text_text_color=\u00a0\u00bb#ffffff\u00a0\u00bb text_font_size=\u00a0\u00bb30px\u00a0\u00bb text_orientation=\u00a0\u00bbcenter\u00a0\u00bb text_font_size_tablet=\u00a0\u00bb\u00a0\u00bb text_font_size_phone=\u00a0\u00bb20px\u00a0\u00bb text_font_size_last_edited=\u00a0\u00bbon|desktop\u00a0\u00bb]<\/p>\n<p>Obtenez l&rsquo;argent dont vous avez besoin au moment opportun<\/p>\n<p>[\/et_pb_text][et_pb_text _builder_version=\u00a0\u00bb4.6.6&Prime; text_font=\u00a0\u00bbRoboto|300|||||||\u00a0\u00bb text_text_color=\u00a0\u00bb#ffffff\u00a0\u00bb text_font_size=\u00a0\u00bb15px\u00a0\u00bb text_line_height=\u00a0\u00bb1.8em\u00a0\u00bb text_orientation=\u00a0\u00bbcenter\u00a0\u00bb max_width_tablet=\u00a0\u00bb80%\u00a0\u00bb max_width_phone=\u00a0\u00bb90%\u00a0\u00bb max_width_last_edited=\u00a0\u00bbon|desktop\u00a0\u00bb module_alignment=\u00a0\u00bbcenter\u00a0\u00bb custom_margin=\u00a0\u00bb-13px||\u00a0\u00bb custom_padding=\u00a0\u00bb0px||\u00a0\u00bb]<\/p>\n<p>Nous sommes des pr\u00eateurs agr\u00e9\u00e9s et fiables, pr\u00eats \u00e0 vous aider \u00e0 tout moment. C&rsquo;est la raison principale pour laquelle nous avons simplifi\u00e9 notre formulaire de demande en ligne afin de vous faciliter la t\u00e2che. Suivez ces \u00e9tapes simples pour demander nos pr\u00eats sans v\u00e9rification de solvabilit\u00e9.<\/p>\n<p>[\/et_pb_text][\/et_pb_column][\/et_pb_row][et_pb_row column_structure=\u00a0\u00bb1_3,1_3,1_3&Prime; use_custom_gutter=\u00a0\u00bbon\u00a0\u00bb gutter_width=\u00a0\u00bb2&Prime; _builder_version=\u00a0\u00bb3.25&Prime;][et_pb_column type=\u00a0\u00bb1_3&Prime; _builder_version=\u00a0\u00bb3.25&Prime; custom_padding=\u00a0\u00bb|||\u00a0\u00bb custom_padding__hover=\u00a0\u00bb|||\u00a0\u00bb][et_pb_blurb title=\u00a0\u00bbREMPLISSEZ LA DEMANDE EN LIGNE\u00a0\u00bb use_icon=\u00a0\u00bbon\u00a0\u00bb font_icon=\u00a0\u00bb%%49%%\u00a0\u00bb icon_color=\u00a0\u00bb#ffffff\u00a0\u00bb content_max_width=\u00a0\u00bb100%\u00a0\u00bb use_icon_font_size=\u00a0\u00bbon\u00a0\u00bb icon_font_size=\u00a0\u00bb51px\u00a0\u00bb _builder_version=\u00a0\u00bb4.6.6&Prime; header_font=\u00a0\u00bbPoppins|600||on|||||\u00a0\u00bb header_text_align=\u00a0\u00bbcenter\u00a0\u00bb header_text_color=\u00a0\u00bb#ffffff\u00a0\u00bb header_font_size=\u00a0\u00bb20px\u00a0\u00bb header_line_height=\u00a0\u00bb1.5em\u00a0\u00bb body_font=\u00a0\u00bbRoboto|300|||||||\u00a0\u00bb body_text_align=\u00a0\u00bbcenter\u00a0\u00bb body_text_color=\u00a0\u00bb#ffffff\u00a0\u00bb body_font_size=\u00a0\u00bb15px\u00a0\u00bb body_line_height=\u00a0\u00bb1.8em\u00a0\u00bb text_orientation=\u00a0\u00bbcenter\u00a0\u00bb animation=\u00a0\u00bboff\u00a0\u00bb]<\/p>\n<p>Si vous avez besoin d&rsquo;argent rapidement, n&rsquo;h\u00e9sitez pas \u00e0 remplir notre formulaire de demande en ligne pour commencer. Une fois que vous avez rempli le formulaire, cliquez sur le bouton \u00ab\u00a0Soumettre\u00a0\u00bb et vous pourriez \u00eatre sur la bonne voie pour obtenir votre financement requis.<\/p>\n<p>[\/et_pb_blurb][\/et_pb_column][et_pb_column type=\u00a0\u00bb1_3&Prime; _builder_version=\u00a0\u00bb3.25&Prime; custom_padding=\u00a0\u00bb|||\u00a0\u00bb custom_padding__hover=\u00a0\u00bb|||\u00a0\u00bb][et_pb_blurb title=\u00a0\u00bbOBTENEZ UNE D\u00c9CISION\u00a0\u00bb use_icon=\u00a0\u00bbon\u00a0\u00bb font_icon=\u00a0\u00bb%%49%%\u00a0\u00bb icon_color=\u00a0\u00bb#ffffff\u00a0\u00bb content_max_width=\u00a0\u00bb100%\u00a0\u00bb use_icon_font_size=\u00a0\u00bbon\u00a0\u00bb icon_font_size=\u00a0\u00bb51px\u00a0\u00bb _builder_version=\u00a0\u00bb4.6.6&Prime; header_font=\u00a0\u00bbPoppins|600||on|||||\u00a0\u00bb header_text_align=\u00a0\u00bbcenter\u00a0\u00bb header_text_color=\u00a0\u00bb#ffffff\u00a0\u00bb header_font_size=\u00a0\u00bb20px\u00a0\u00bb header_line_height=\u00a0\u00bb1.5em\u00a0\u00bb body_font=\u00a0\u00bbRoboto|300|||||||\u00a0\u00bb body_text_align=\u00a0\u00bbcenter\u00a0\u00bb body_text_color=\u00a0\u00bb#ffffff\u00a0\u00bb body_font_size=\u00a0\u00bb15px\u00a0\u00bb body_line_height=\u00a0\u00bb1.8em\u00a0\u00bb text_orientation=\u00a0\u00bbcenter\u00a0\u00bb animation=\u00a0\u00bboff\u00a0\u00bb]<\/p>\n<p>Une fois votre demande de pr\u00eat re\u00e7ue, nous prenons quelques minutes pour l&rsquo;examiner et nous assurer que tout est en ordre. En moyenne, vous recevrez une d\u00e9cision de notre part sur votre statut d&rsquo;approbation dans les cinq minutes qui suivent ! Nous ne souhaitons pas vous faire attendre trop longtemps.<\/p>\n<p>[\/et_pb_blurb][\/et_pb_column][et_pb_column type=\u00a0\u00bb1_3&Prime; _builder_version=\u00a0\u00bb3.25&Prime; custom_padding=\u00a0\u00bb|||\u00a0\u00bb custom_padding__hover=\u00a0\u00bb|||\u00a0\u00bb][et_pb_blurb title=\u00a0\u00bbOBTENEZ LES FONDS DONT VOUS AVEZ BESOIN\u00a0\u00bb use_icon=\u00a0\u00bbon\u00a0\u00bb font_icon=\u00a0\u00bb%%49%%\u00a0\u00bb icon_color=\u00a0\u00bb#ffffff\u00a0\u00bb content_max_width=\u00a0\u00bb100%\u00a0\u00bb use_icon_font_size=\u00a0\u00bbon\u00a0\u00bb icon_font_size=\u00a0\u00bb51px\u00a0\u00bb _builder_version=\u00a0\u00bb4.6.6&Prime; header_font=\u00a0\u00bbPoppins|600||on|||||\u00a0\u00bb header_text_align=\u00a0\u00bbcenter\u00a0\u00bb header_text_color=\u00a0\u00bb#ffffff\u00a0\u00bb header_font_size=\u00a0\u00bb20px\u00a0\u00bb header_line_height=\u00a0\u00bb1.5em\u00a0\u00bb body_font=\u00a0\u00bbRoboto|300|||||||\u00a0\u00bb body_text_align=\u00a0\u00bbcenter\u00a0\u00bb body_text_color=\u00a0\u00bb#ffffff\u00a0\u00bb body_font_size=\u00a0\u00bb15px\u00a0\u00bb body_line_height=\u00a0\u00bb1.8em\u00a0\u00bb text_orientation=\u00a0\u00bbcenter\u00a0\u00bb animation=\u00a0\u00bboff\u00a0\u00bb]<\/p>\n<p>\u00c0 condition que vos coordonn\u00e9es soient exactes, votre demande de pr\u00eat sera approuv\u00e9e en un rien de temps, de sorte que vous puissiez verser les fonds sur votre compte bancaire d\u00e8s que possible. Dans la plupart des cas, vous pourrez acc\u00e9der aux fonds le jour ouvrable suivant.<\/p>\n<p>[\/et_pb_blurb][\/et_pb_column][\/et_pb_row][\/et_pb_section]<\/p>\n","protected":false},"excerpt":{"rendered":"<p>Consolidation de dettes en ligneAvant de consid\u00e9rer une d\u00e9claration de faillite, sachez que vous pouvez remplir une demande de consolidation de dettes en ligne. Givemecashtogo offre untel service afin d\u2019aider sa client\u00e8le \u00e0 r\u00e9tablir leur r\u00e9putation et leur cr\u00e9dit plus rapidement. Bien que la faillite efface vos dettes et met fin au harc\u00e8lement des cr\u00e9anciers, [&hellip;]<\/p>\n","protected":false},"author":9,"featured_media":0,"parent":0,"menu_order":0,"comment_status":"closed","ping_status":"closed","template":"","meta":{"_et_pb_use_builder":"on","_et_pb_old_content":"","_et_gb_content_width":"","footnotes":""},"class_list":["post-50094","page","type-page","status-publish","hentry"],"_links":{"self":[{"href":"https:\/\/givemecashtogo.ca\/fr\/wp-json\/wp\/v2\/pages\/50094","targetHints":{"allow":["GET"]}}],"collection":[{"href":"https:\/\/givemecashtogo.ca\/fr\/wp-json\/wp\/v2\/pages"}],"about":[{"href":"https:\/\/givemecashtogo.ca\/fr\/wp-json\/wp\/v2\/types\/page"}],"author":[{"embeddable":true,"href":"https:\/\/givemecashtogo.ca\/fr\/wp-json\/wp\/v2\/users\/9"}],"replies":[{"embeddable":true,"href":"https:\/\/givemecashtogo.ca\/fr\/wp-json\/wp\/v2\/comments?post=50094"}],"version-history":[{"count":0,"href":"https:\/\/givemecashtogo.ca\/fr\/wp-json\/wp\/v2\/pages\/50094\/revisions"}],"wp:attachment":[{"href":"https:\/\/givemecashtogo.ca\/fr\/wp-json\/wp\/v2\/media?parent=50094"}],"curies":[{"name":"wp","href":"https:\/\/api.w.org\/{rel}","templated":true}]}}