{"id":51197,"date":"2024-07-01T05:10:28","date_gmt":"2024-07-01T09:10:28","guid":{"rendered":"https:\/\/givemecashtogo.ca\/?page_id=51197"},"modified":"2025-06-24T01:04:03","modified_gmt":"2025-06-24T05:04:03","slug":"nous-contacter","status":"publish","type":"page","link":"https:\/\/givemecashtogo.ca\/fr\/nous-contacter\/","title":{"rendered":"Nous contacter"},"content":{"rendered":"<p>[et_pb_section fb_built=\u00a0\u00bb1&Prime; _builder_version=\u00a0\u00bb4.24.0&Prime; _module_preset=\u00a0\u00bbdefault\u00a0\u00bb global_colors_info=\u00a0\u00bb{}\u00a0\u00bb][et_pb_row _builder_version=\u00a0\u00bb4.24.0&Prime; _module_preset=\u00a0\u00bbdefault\u00a0\u00bb global_colors_info=\u00a0\u00bb{}\u00a0\u00bb][et_pb_column type=\u00a0\u00bb4_4&Prime; _builder_version=\u00a0\u00bb4.24.0&Prime; _module_preset=\u00a0\u00bbdefault\u00a0\u00bb global_colors_info=\u00a0\u00bb{}\u00a0\u00bb][et_pb_heading title=\u00a0\u00bbNous contacter\u00a0\u00bb _builder_version=\u00a0\u00bb4.24.0&Prime; _module_preset=\u00a0\u00bbdefault\u00a0\u00bb global_colors_info=\u00a0\u00bb{}\u00a0\u00bb][\/et_pb_heading][\/et_pb_column][\/et_pb_row][et_pb_row _builder_version=\u00a0\u00bb4.24.0&Prime; _module_preset=\u00a0\u00bbdefault\u00a0\u00bb global_colors_info=\u00a0\u00bb{}\u00a0\u00bb][et_pb_column type=\u00a0\u00bb4_4&Prime; _builder_version=\u00a0\u00bb4.24.0&Prime; _module_preset=\u00a0\u00bbdefault\u00a0\u00bb global_colors_info=\u00a0\u00bb{}\u00a0\u00bb][et_pb_text _builder_version=\u00a0\u00bb4.24.0&Prime; _module_preset=\u00a0\u00bbdefault\u00a0\u00bb hover_enabled=\u00a0\u00bb0&Prime; global_colors_info=\u00a0\u00bb{}\u00a0\u00bb sticky_enabled=\u00a0\u00bb0&Prime;]<\/p>\n<p><span>Merci d&rsquo;avoir contact\u00e9 GIVEMECASHTOGO. Si vous avez des questions ou si vous souhaitez faire une demande de pr\u00eat, veuillez nous envoyer un courriel \u00e0 info@givemecashtogo.ca. Nous serons heureux de vous aider.<\/span><\/p>\n<p>[\/et_pb_text][\/et_pb_column][\/et_pb_row][et_pb_row column_structure=\u00a0\u00bb1_3,1_3,1_3&Prime; _builder_version=\u00a0\u00bb4.24.0&Prime; _module_preset=\u00a0\u00bbdefault\u00a0\u00bb global_colors_info=\u00a0\u00bb{}\u00a0\u00bb][et_pb_column type=\u00a0\u00bb1_3&Prime; _builder_version=\u00a0\u00bb4.24.0&Prime; _module_preset=\u00a0\u00bbdefault\u00a0\u00bb global_colors_info=\u00a0\u00bb{}\u00a0\u00bb][et_pb_text _builder_version=\u00a0\u00bb4.24.0&Prime; _module_preset=\u00a0\u00bbdefault\u00a0\u00bb hover_enabled=\u00a0\u00bb0&Prime; global_colors_info=\u00a0\u00bb{}\u00a0\u00bb sticky_enabled=\u00a0\u00bb0&Prime;]<\/p>\n<p><strong>Address<\/strong><\/p>\n<p>Givemecashtogo<br \/><span>6000 Cote des Neiges, Suite 250-F<\/span><br \/><span>Montreal, QC<\/span><br \/><span>H3S1Z8<\/span><\/p>\n<p>[\/et_pb_text][\/et_pb_column][et_pb_column type=\u00a0\u00bb1_3&Prime; _builder_version=\u00a0\u00bb4.24.0&Prime; _module_preset=\u00a0\u00bbdefault\u00a0\u00bb global_colors_info=\u00a0\u00bb{}\u00a0\u00bb][et_pb_text _builder_version=\u00a0\u00bb4.24.0&Prime; _module_preset=\u00a0\u00bbdefault\u00a0\u00bb global_colors_info=\u00a0\u00bb{}\u00a0\u00bb]<\/p>\n<p><strong>E-Mail<\/strong><\/p>\n<p>info@givemecashtogo.ca<\/p>\n<p>[\/et_pb_text][\/et_pb_column][et_pb_column type=\u00a0\u00bb1_3&Prime; _builder_version=\u00a0\u00bb4.24.0&Prime; _module_preset=\u00a0\u00bbdefault\u00a0\u00bb global_colors_info=\u00a0\u00bb{}\u00a0\u00bb][et_pb_text _builder_version=\u00a0\u00bb4.24.0&Prime; _module_preset=\u00a0\u00bbdefault\u00a0\u00bb global_colors_info=\u00a0\u00bb{}\u00a0\u00bb]<\/p>\n<p><strong>Phone Number\u00a0<\/strong><\/p>\n<p><span>+1 844 272 7869<\/span><\/p>\n<p>[\/et_pb_text][\/et_pb_column][\/et_pb_row][\/et_pb_section]<\/p>\n","protected":false},"excerpt":{"rendered":"<p>Merci d&rsquo;avoir contact\u00e9 GIVEMECASHTOGO. Si vous avez des questions ou si vous souhaitez faire une demande de pr\u00eat, veuillez nous envoyer un courriel \u00e0 info@givemecashtogo.ca. Nous serons heureux de vous aider.Address Givemecashtogo6000 Cote des Neiges, Suite 250-FMontreal, QCH3S1Z8E-Mail info@givemecashtogo.caPhone Number\u00a0 +1 844 272 7869<\/p>\n","protected":false},"author":5,"featured_media":0,"parent":0,"menu_order":0,"comment_status":"closed","ping_status":"closed","template":"","meta":{"_et_pb_use_builder":"on","_et_pb_old_content":"","_et_gb_content_width":"","footnotes":""},"class_list":["post-51197","page","type-page","status-publish","hentry"],"_links":{"self":[{"href":"https:\/\/givemecashtogo.ca\/fr\/wp-json\/wp\/v2\/pages\/51197","targetHints":{"allow":["GET"]}}],"collection":[{"href":"https:\/\/givemecashtogo.ca\/fr\/wp-json\/wp\/v2\/pages"}],"about":[{"href":"https:\/\/givemecashtogo.ca\/fr\/wp-json\/wp\/v2\/types\/page"}],"author":[{"embeddable":true,"href":"https:\/\/givemecashtogo.ca\/fr\/wp-json\/wp\/v2\/users\/5"}],"replies":[{"embeddable":true,"href":"https:\/\/givemecashtogo.ca\/fr\/wp-json\/wp\/v2\/comments?post=51197"}],"version-history":[{"count":2,"href":"https:\/\/givemecashtogo.ca\/fr\/wp-json\/wp\/v2\/pages\/51197\/revisions"}],"predecessor-version":[{"id":53721,"href":"https:\/\/givemecashtogo.ca\/fr\/wp-json\/wp\/v2\/pages\/51197\/revisions\/53721"}],"wp:attachment":[{"href":"https:\/\/givemecashtogo.ca\/fr\/wp-json\/wp\/v2\/media?parent=51197"}],"curies":[{"name":"wp","href":"https:\/\/api.w.org\/{rel}","templated":true}]}}